{"id":1149,"date":"2018-10-08T19:10:09","date_gmt":"2018-10-08T19:10:09","guid":{"rendered":"https:\/\/homesolution.net\/blog\/?page_id=1149"},"modified":"2024-07-15T17:08:57","modified_gmt":"2024-07-15T17:08:57","slug":"lista-negra-de-profesionales","status":"publish","type":"page","link":"https:\/\/homesolution.net\/blog\/lista-negra-de-profesionales\/","title":{"rendered":"Lista Negra de Profesionales"},"content":{"rendered":"<p>Esta es una lista de profesionales que han tenido problemas al momento de brindar sus servicios y que no han dado soluci\u00f3n a los clientes pese a las gestiones iniciadas por nuestro departamento de Soluci\u00f3n de Reclamos, agot\u00e1ndose las instancias de di\u00e1logo. En muchos casos se ha optado por acompa\u00f1ar acciones legales. <br \/>Consideramos importante exponer a los malos referentes, como protecci\u00f3n de los que son buenos. Si el profesional que est\u00e1s buscando se encuentra en esta lista, procura tomar los recaudos necesarios o buscar otras opciones.<\/p>\n<h3 style=\"text-align: center;\"><strong>HomeSolution.net desaconseja absolutamente contactar a los profesionales mencionados a continuaci\u00f3n<\/strong><\/h3>\n<p><strong>Nota:<\/strong> Ninguno de estos profesionales forma parte de HomeSolution.net<\/p>\n<hr \/>\n<p><strong>Arias Solis, Carmen Elizabeth<\/strong><\/p>\n<p>Nombre de Fantas\u00eda: Arq Studio<br \/>Profesi\u00f3n: Constructora, Tapicero, Decorador, Drywall<br \/>Documento: 06410534<br \/>RUC: 20605360093<br \/>Nacionalidad: Per\u00fa<br \/>Motivo: Acumulaci\u00f3n de reclamos y comentarios negativos. Cobros de adelantos y trabajos incompletos.<br \/>Fecha: 02\/07\/2024<\/p>\n<hr \/>\n<div>\n<p><strong style=\"font-size: inherit;\">Fernando Fandi\u00f1o<\/strong><\/p>\n<\/div>\n<p>Nombre de Fantas\u00eda:\u00a0FEVE SERVICIOS<br \/>Profesi\u00f3n:\u00a0Electricista, T\u00e9cnico de Aire, T\u00e9cnico de PC, Herrero, Seguridad Electr\u00f3nica<br \/>Documento:\u00a0 28477454<br \/>CUIT:\u00a0 20-28477454-0<br \/>Nacionalidad: Argentino<br \/>Motivo: Cobro de adelantos y no hacer los trabajos.<br \/>Fecha: 12\/09\/2023<\/p>\n<hr \/>\n<div>\n<p><strong>Miguel Angel Azpeitia<\/strong><\/p>\n<p>Nombre de Fantas\u00eda: Miguel Angel Azpeitia<br \/>Profesi\u00f3n: Carpintero, Herrero, Techista, Construcci\u00f3n y Arquitectura, Peque\u00f1os Arreglos<br \/>Documento: 27831790<br \/>CUIT: 20-27831790-1<br \/>Nacionalidad: Argentino<br \/>Motivo: Entrega obra en estado inhabitable<br \/>Fecha: 30\/01\/2023<\/p>\n<\/div>\n<hr \/>\n<p><strong>Guillermo Ezequiel Acosta<\/strong><\/p>\n<p>Nombre de Fantas\u00eda: Estilo Acosta<br \/>Profesi\u00f3n: Pintor<br \/>Documento:\u00a028876571<br \/>CUIT:\u00a020288765716<br \/>Nacionalidad: Argentino<br \/>Motivo: Abandono de obra luego de haber cobrado anticipo<br \/>Fecha: 15\/01\/2020<\/p>\n<hr \/>\n<p><strong>Franco Blandi<\/strong><\/p>\n<p>Profesi\u00f3n: Plomero, Gasista, T\u00e9cnico de Aire<br \/>Documento:\u00a042231476<br \/>CUIT:\u00a020-42231476-9<br \/>Nacionalidad: Argentino<br \/>Motivo: Recurrentes problemas con clientes que dej\u00f3 sin resolver.<br \/>Fecha: 15\/11\/2019<\/p>\n<hr \/>\n<p><strong>Silvio Ramon Servin<\/strong><\/p>\n<p>Nombre de Fantas\u00eda: S&amp;S Soluciones<br \/>Profesi\u00f3n: Techista y Constructor<br \/>Documento: 32291259<br \/>CUIT:\u00a020-32291259-6<br \/>Nacionalidad: Argentino<br \/>Motivo: Cobro de un adelanto y no hacer el trabajo.<br \/>Fecha: 30\/01\/2019<\/p>\n<hr \/>\n<p><strong>Amet Lizarbe Chira<\/strong><\/p>\n<p>Profesi\u00f3n: Gasfitero y Drywal<br \/>Documento:\u00a010726597<br \/>Nacionalidad: Peruana<br \/>Motivo:\u00a0Cobro de un adelanto y no hacer el trabajo.<br \/>Fecha: 09\/10\/2018<\/p>\n<hr \/>\n<p><strong>Nicol\u00e1s \u00a0Exequiel Villalba<\/strong><\/p>\n<p>Nombre de Fantas\u00eda: Soluciones NEV<br \/>Profesi\u00f3n: Plomero y alba\u00f1il<br \/>Documento:\u00a035252970<br \/>CUIT: 20-35252970-3<br \/>Nacionalidad: Argentina<br \/>Motivo: Abandonar un trabajo cobrado a mitad de obra.<br \/>Fecha: 30\/09\/2018<\/p>\n<hr \/>\n<p><strong>Pablo Sapochnik<\/strong><\/p>\n<p>Profesi\u00f3n:\u00a0Plomero y alba\u00f1il<br \/>Documento:\u00a023299206<br \/>CUIT: 23-23299206-9<br \/>Nacionalidad: Argentina<br \/>Motivo: Incumplimiento de garant\u00eda. Acciones legales iniciadas.<br \/>Fecha: 17\/05\/2018<\/p>\n<hr \/>\n<p><strong>Gabriel Oballe<\/strong><\/p>\n<p>Nombre de fantas\u00eda: CAG Servicios Generales<br \/>Profesi\u00f3n: Pintor, Alba\u00f1il, Techista<br \/>RUC:\u00a020-15588870-0<br \/>Nacionalidad: Peruana<br \/>Motivo: Estafa. Cobro de adelanto sin terminar el trabajo.<br \/>Fecha: 08\/09\/2018<\/p>\n<hr \/>\n<p><strong>David Acosta<\/strong><\/p>\n<p>Nombre de fantas\u00eda: Hermanos Acosta Servicios Integrales<br \/>Profesi\u00f3n: Alba\u00f1il, Constructora<br \/>Nacionalidad: Uruguaya<br \/>Motivo: Cobro de adelanto sin terminar el trabajo. Trabajo mal terminado. Acciones legales iniciadas.<br \/>Fecha: 15\/06\/2018<\/p>\n<hr \/>\n<p class=\"gmail-title\"><strong><span class=\"\">Ariel Martin Elman<\/span><\/strong><\/p>\n<p>Profesi\u00f3n: Gasista<br \/><span class=\"\">CUIT 20-18590371-1<\/span><br \/><span class=\"\">DNI\u00a018.590.371<\/span><br \/><span class=\"\">Matricula: Metrogas 33040<\/span><br \/>Nacionalidad: Argentina<br \/>Motivo: Estafa. Cobro de adelanto para luego no hacer el trabajo.<br \/>Fecha 01\/11\/2017<\/p>\n<hr \/>\n<p><strong>Ariel Matias Ramallo<\/strong><\/p>\n<p>Profesi\u00f3n: Alba\u00f1il<br \/>Documento:\u00a030868821<br \/>CUIT:\u00a020-30868821-7<br \/>Nacionalidad: Argentino<br \/>Motivo: Cobro de un adelanto y no hacer el trabajo. Estafador.<br \/>Fecha: 30\/10\/2017<\/p>\n<hr \/>\n<p><strong data-rich-text-format-boundary=\"true\">Jorge Rodolfo Zapata<\/strong><\/p>\n<p>Profesi\u00f3n:\u00a0Plomero, Electricista, Alba\u00f1il, Herrero<br \/>Documento:\u00a0\u00a027319694<br \/>CUIT:\u00a020-27319694-4<br \/>Nacionalidad: Argentina<br \/>Motivo: Se qued\u00f3 con el dinero de se\u00f1a y desapareci\u00f3.<br \/>Fecha: 17\/05\/2021<\/p>\n<hr \/>\n<p><strong><span style=\"color: #000000;\">B\u00e1rbara De Luj\u00e1n Gonz\u00e1lez<\/span><\/strong><\/p>\n<p><span style=\"color: #000000;\">Profesi\u00f3n: Construcci\u00f3n y Arquitectura, Decoraci\u00f3n.<\/span><br \/><span style=\"color: #000000;\">Documento:\u00a033294510<\/span><br \/><span style=\"color: #000000;\">CUIT: 27-33294510-1<\/span><br \/><span style=\"color: #000000;\">Nacionalidad: Argentina.<\/span><br \/><span style=\"color: #000000;\">Motivo: Trabajo mal realizado y sin terminar, no presentaron facturas, extraviaron la cocina del usuario. Desaparecieron, bloquearon al usuario y jam\u00e1s respondieron.\u00a0<\/span><span style=\"color: #000000;\">Se iniciaron acciones legales.<\/span><br \/><span style=\"color: #000000;\">Fecha: 4\/8\/2020<\/span><\/p>\n<div><hr \/>\n<p><strong>Gustavo Tricot<\/strong><\/p>\n<p>Profesi\u00f3n: Constructora.<br \/>N\u00famero de c\u00e9dula: 4.627.332-8\u00a0<br \/>Nacionalidad: Uruguaya.<br \/>Motivo: Tiene m\u00faltiples denuncias en la web:\u00a0<a href=\"https:\/\/estafagustavotricotuy.wordpress.com\/?fbclid=IwAR3_vqmKBsbMnCjW8Pknqslb71K2csdsMsvYQoG_mz1JPPFkqtTMCkv87zU\">https:\/\/estafagustavotricotuy.wordpress.com\/?fbclid=IwAR3_vqmKBsbMnCjW8Pknqslb71K2csdsMsvYQoG_mz1JPPFkqtTMCkv87zU<\/a><br \/>Trabaj\u00f3 en la plataforma con 2 cuentas distintas a nombre de otras personas.\u00a0<br \/>Tiene reclamos con motivo de intimidaci\u00f3n por el pago, amenazas, no le paga a sus empleados. No termina la obra.<br \/>Fecha: Es dif\u00edcil definir una fecha ya que fue bloqueado desde las 2 cuentas en diferentes momentos.<br \/>Primera cuenta bloqueada el 5\/3\/2021.<br \/>Segunda cuenta bloqueada el 4\/8\/2021.<\/p>\n<\/div>\n\n\n<hr class=\"wp-block-separator is-style-wide\"\/>\n\n\n\n<p><strong>Ruma Gesti\u00f3n Edilicia\/ Construcciones Ruma<\/strong><\/p>\n\n\n\n<p>Nombre del Prestador: Marco Antonio Ardila Sanchez<br>Profesi\u00f3n: Carpintero y Construcci\u00f3n y Arquitectura.<br>Documento:&nbsp;&nbsp;95802942<br>CUIT:&nbsp;&nbsp;20-95802942-0&nbsp;<br>Nacionalidad: Argentina<br>Motivo: No cumple con el contrato, no finaliza obra.&nbsp;Se compromete a realizar la devoluci\u00f3n del dinero y no cumple.<br>Fecha: 1\/09\/2021<\/p>\n\n\n\n<hr class=\"wp-block-separator is-style-wide\"\/>\n\n\n\n<p><strong>Soluciones T\u00e9cnicas &#8211; Maximiliano Enrique Carpanelli<\/strong><\/p>\n\n\n\n<p>Profesi\u00f3n:&nbsp;&nbsp;Gasista, T\u00e9cnico de Electrodom\u00e9sticos<br>Documento:&nbsp;26195211<br>CUIT:&nbsp;&nbsp;20-26195211-5<br>Nacionalidad: Argentina<\/p>\n\n\n\n<p>Motivo:&nbsp;Se compromete a realizar la devoluci\u00f3n del dinero y no cumple. Se qued\u00f3 con el calef\u00f3n de un usuario para arreglarlo y hasta la fecha no lo ha devuelto.<br>Fecha: 04\/02\/2022<\/p>\n\n\n\n<hr class=\"wp-block-separator is-style-wide\"\/>\n\n\n\n<p><strong>Remodelaciones San Isidro &#8211; Ricardo Mart\u00edn Quevedo<\/strong><\/p>\n\n\n\n<p>Profesi\u00f3n:&nbsp;&nbsp;Pintor, Electricista, Carpintero, Otros Oficios, Peque\u00f1os Arreglos.<br>Documento:&nbsp;32254137<br>CUIT:&nbsp;&nbsp;20322541377<br>Nacionalidad: Argentina<br>Motivo:&nbsp;Incumplimiento del trabajo. Robo de puertas y desaparici\u00f3n del Prestador. <\/p>\n\n\n\n<p>Fecha: 27\/06\/2022<\/p>\n\n\n\n<hr class=\"wp-block-separator\"\/>\n\n\n\n<p><strong>Mat\u00edas Ricci \/ Ricci Construcciones<\/strong><br>Profesi\u00f3n:&nbsp;&nbsp;Pintor, Electricista, Alba\u00f1il, T\u00e9cnico de Aire, Construcci\u00f3n y Arquitectura.<br>Documento:&nbsp;54363736.<br>Nacionalidad: Uruguaya.<br>Motivo: Malas terminaciones del trabajo.&nbsp;En otra obra recibi\u00f3 dinero por adelantado, no comenz\u00f3 el trabajo y tampoco la devoluci\u00f3n del dinero.<br>Fecha: 25\/07\/2022<\/p>\n","protected":false},"excerpt":{"rendered":"<p>Esta es una lista de profesionales que han tenido problemas al momento de brindar sus servicios y que no han dado soluci\u00f3n a los clientes pese a las gestiones iniciadas por nuestro departamento de Soluci\u00f3n de Reclamos, agot\u00e1ndose las instancias de di\u00e1logo. En muchos casos se ha optado por acompa\u00f1ar acciones legales. Consideramos importante exponer [&hellip;]<\/p>\n","protected":false},"author":1,"featured_media":0,"parent":0,"menu_order":0,"comment_status":"closed","ping_status":"closed","template":"","meta":[],"yoast_head":"<!-- This site is optimized with the Yoast SEO plugin v17.3 - https:\/\/yoast.com\/wordpress\/plugins\/seo\/ -->\n<title>Lista Negra de Profesionales - Home Solution<\/title>\n<meta name=\"robots\" content=\"index, follow, max-snippet:-1, max-image-preview:large, max-video-preview:-1\" \/>\n<link rel=\"canonical\" href=\"https:\/\/homesolution.net\/blog\/lista-negra-de-profesionales\/\" \/>\n<meta property=\"og:locale\" content=\"es_ES\" \/>\n<meta property=\"og:type\" content=\"article\" \/>\n<meta property=\"og:title\" content=\"Lista Negra de Profesionales - Home Solution\" \/>\n<meta property=\"og:description\" content=\"Esta es una lista de profesionales que han tenido problemas al momento de brindar sus servicios y que no han dado soluci\u00f3n a los clientes pese a las gestiones iniciadas por nuestro departamento de Soluci\u00f3n de Reclamos, agot\u00e1ndose las instancias de di\u00e1logo. En muchos casos se ha optado por acompa\u00f1ar acciones legales. Consideramos importante exponer [&hellip;]\" \/>\n<meta property=\"og:url\" content=\"https:\/\/homesolution.net\/blog\/lista-negra-de-profesionales\/\" \/>\n<meta property=\"og:site_name\" content=\"Home Solution\" \/>\n<meta property=\"article:publisher\" content=\"https:\/\/www.facebook.com\/homesolutionnet\/\" \/>\n<meta property=\"article:modified_time\" content=\"2024-07-15T17:08:57+00:00\" \/>\n<meta name=\"twitter:card\" content=\"summary_large_image\" \/>\n<meta name=\"twitter:label1\" content=\"Tiempo de lectura\" \/>\n\t<meta name=\"twitter:data1\" content=\"4 minutos\" \/>\n<script type=\"application\/ld+json\" class=\"yoast-schema-graph\">{\"@context\":\"https:\/\/schema.org\",\"@graph\":[{\"@type\":\"Organization\",\"@id\":\"https:\/\/homesolution.net\/blog\/#organization\",\"name\":\"Home Solution\",\"url\":\"https:\/\/homesolution.net\/blog\/\",\"sameAs\":[\"https:\/\/www.facebook.com\/homesolutionnet\/\",\"https:\/\/www.instagram.com\/homesolutionnet\/\",\"https:\/\/www.linkedin.com\/company\/4794280\"],\"logo\":{\"@type\":\"ImageObject\",\"@id\":\"https:\/\/homesolution.net\/blog\/#logo\",\"inLanguage\":\"es\",\"url\":\"https:\/\/homesolution.net\/blog\/wp-content\/uploads\/2018\/07\/marca-pasos.png\",\"contentUrl\":\"https:\/\/homesolution.net\/blog\/wp-content\/uploads\/2018\/07\/marca-pasos.png\",\"width\":110,\"height\":109,\"caption\":\"Home Solution\"},\"image\":{\"@id\":\"https:\/\/homesolution.net\/blog\/#logo\"}},{\"@type\":\"WebSite\",\"@id\":\"https:\/\/homesolution.net\/blog\/#website\",\"url\":\"https:\/\/homesolution.net\/blog\/\",\"name\":\"Home Solution\",\"description\":\"Servicios para el hogar y la construccion: Electricistas, Alba\\u00f1ileria, Pintura, Arquitectura, Decoracion, Herreria, y todo lo que buscas.\",\"publisher\":{\"@id\":\"https:\/\/homesolution.net\/blog\/#organization\"},\"potentialAction\":[{\"@type\":\"SearchAction\",\"target\":{\"@type\":\"EntryPoint\",\"urlTemplate\":\"https:\/\/homesolution.net\/blog\/?s={search_term_string}\"},\"query-input\":\"required name=search_term_string\"}],\"inLanguage\":\"es\"},{\"@type\":\"WebPage\",\"@id\":\"https:\/\/homesolution.net\/blog\/lista-negra-de-profesionales\/#webpage\",\"url\":\"https:\/\/homesolution.net\/blog\/lista-negra-de-profesionales\/\",\"name\":\"Lista Negra de Profesionales - Home Solution\",\"isPartOf\":{\"@id\":\"https:\/\/homesolution.net\/blog\/#website\"},\"datePublished\":\"2018-10-08T19:10:09+00:00\",\"dateModified\":\"2024-07-15T17:08:57+00:00\",\"breadcrumb\":{\"@id\":\"https:\/\/homesolution.net\/blog\/lista-negra-de-profesionales\/#breadcrumb\"},\"inLanguage\":\"es\",\"potentialAction\":[{\"@type\":\"ReadAction\",\"target\":[\"https:\/\/homesolution.net\/blog\/lista-negra-de-profesionales\/\"]}]},{\"@type\":\"BreadcrumbList\",\"@id\":\"https:\/\/homesolution.net\/blog\/lista-negra-de-profesionales\/#breadcrumb\",\"itemListElement\":[{\"@type\":\"ListItem\",\"position\":1,\"name\":\"Portada\",\"item\":\"https:\/\/homesolution.net\/blog\/\"},{\"@type\":\"ListItem\",\"position\":2,\"name\":\"Lista Negra de Profesionales\"}]}]}<\/script>\n<!-- \/ Yoast SEO plugin. -->","yoast_head_json":{"title":"Lista Negra de Profesionales - Home Solution","robots":{"index":"index","follow":"follow","max-snippet":"max-snippet:-1","max-image-preview":"max-image-preview:large","max-video-preview":"max-video-preview:-1"},"canonical":"https:\/\/homesolution.net\/blog\/lista-negra-de-profesionales\/","og_locale":"es_ES","og_type":"article","og_title":"Lista Negra de Profesionales - Home Solution","og_description":"Esta es una lista de profesionales que han tenido problemas al momento de brindar sus servicios y que no han dado soluci\u00f3n a los clientes pese a las gestiones iniciadas por nuestro departamento de Soluci\u00f3n de Reclamos, agot\u00e1ndose las instancias de di\u00e1logo. En muchos casos se ha optado por acompa\u00f1ar acciones legales. Consideramos importante exponer [&hellip;]","og_url":"https:\/\/homesolution.net\/blog\/lista-negra-de-profesionales\/","og_site_name":"Home Solution","article_publisher":"https:\/\/www.facebook.com\/homesolutionnet\/","article_modified_time":"2024-07-15T17:08:57+00:00","twitter_card":"summary_large_image","twitter_misc":{"Tiempo de lectura":"4 minutos"},"schema":{"@context":"https:\/\/schema.org","@graph":[{"@type":"Organization","@id":"https:\/\/homesolution.net\/blog\/#organization","name":"Home Solution","url":"https:\/\/homesolution.net\/blog\/","sameAs":["https:\/\/www.facebook.com\/homesolutionnet\/","https:\/\/www.instagram.com\/homesolutionnet\/","https:\/\/www.linkedin.com\/company\/4794280"],"logo":{"@type":"ImageObject","@id":"https:\/\/homesolution.net\/blog\/#logo","inLanguage":"es","url":"https:\/\/homesolution.net\/blog\/wp-content\/uploads\/2018\/07\/marca-pasos.png","contentUrl":"https:\/\/homesolution.net\/blog\/wp-content\/uploads\/2018\/07\/marca-pasos.png","width":110,"height":109,"caption":"Home Solution"},"image":{"@id":"https:\/\/homesolution.net\/blog\/#logo"}},{"@type":"WebSite","@id":"https:\/\/homesolution.net\/blog\/#website","url":"https:\/\/homesolution.net\/blog\/","name":"Home Solution","description":"Servicios para el hogar y la construccion: Electricistas, Alba\u00f1ileria, Pintura, Arquitectura, Decoracion, Herreria, y todo lo que buscas.","publisher":{"@id":"https:\/\/homesolution.net\/blog\/#organization"},"potentialAction":[{"@type":"SearchAction","target":{"@type":"EntryPoint","urlTemplate":"https:\/\/homesolution.net\/blog\/?s={search_term_string}"},"query-input":"required name=search_term_string"}],"inLanguage":"es"},{"@type":"WebPage","@id":"https:\/\/homesolution.net\/blog\/lista-negra-de-profesionales\/#webpage","url":"https:\/\/homesolution.net\/blog\/lista-negra-de-profesionales\/","name":"Lista Negra de Profesionales - Home Solution","isPartOf":{"@id":"https:\/\/homesolution.net\/blog\/#website"},"datePublished":"2018-10-08T19:10:09+00:00","dateModified":"2024-07-15T17:08:57+00:00","breadcrumb":{"@id":"https:\/\/homesolution.net\/blog\/lista-negra-de-profesionales\/#breadcrumb"},"inLanguage":"es","potentialAction":[{"@type":"ReadAction","target":["https:\/\/homesolution.net\/blog\/lista-negra-de-profesionales\/"]}]},{"@type":"BreadcrumbList","@id":"https:\/\/homesolution.net\/blog\/lista-negra-de-profesionales\/#breadcrumb","itemListElement":[{"@type":"ListItem","position":1,"name":"Portada","item":"https:\/\/homesolution.net\/blog\/"},{"@type":"ListItem","position":2,"name":"Lista Negra de Profesionales"}]}]}},"_links":{"self":[{"href":"https:\/\/homesolution.net\/blog\/wp-json\/wp\/v2\/pages\/1149"}],"collection":[{"href":"https:\/\/homesolution.net\/blog\/wp-json\/wp\/v2\/pages"}],"about":[{"href":"https:\/\/homesolution.net\/blog\/wp-json\/wp\/v2\/types\/page"}],"author":[{"embeddable":true,"href":"https:\/\/homesolution.net\/blog\/wp-json\/wp\/v2\/users\/1"}],"replies":[{"embeddable":true,"href":"https:\/\/homesolution.net\/blog\/wp-json\/wp\/v2\/comments?post=1149"}],"version-history":[{"count":27,"href":"https:\/\/homesolution.net\/blog\/wp-json\/wp\/v2\/pages\/1149\/revisions"}],"predecessor-version":[{"id":4566,"href":"https:\/\/homesolution.net\/blog\/wp-json\/wp\/v2\/pages\/1149\/revisions\/4566"}],"wp:attachment":[{"href":"https:\/\/homesolution.net\/blog\/wp-json\/wp\/v2\/media?parent=1149"}],"curies":[{"name":"wp","href":"https:\/\/api.w.org\/{rel}","templated":true}]}}