{"id":2561,"date":"2020-08-12T17:38:37","date_gmt":"2020-08-12T17:38:37","guid":{"rendered":"https:\/\/homesolution.net\/blog\/?page_id=2561"},"modified":"2021-01-22T16:34:56","modified_gmt":"2021-01-22T16:34:56","slug":"primeros-pasos","status":"publish","type":"page","link":"https:\/\/homesolution.net\/blog\/primeros-pasos\/","title":{"rendered":"Primeros pasos"},"content":{"rendered":"\n<p>Para comenzar a utilizar la plataforma, aceptar consultas, comunicarte con los clientes y trabajar, te sugerimos comenzar con estos pasos.<\/p>\n\n\n\n<h3>Registro y perfil<\/h3>\n\n\n\n<p>Para comenzar, debes registrarte como prestador y completar un formulario inicial. Una vez realizado este proceso, se te enviar\u00e1 un email de confirmaci\u00f3n.<\/p>\n\n\n\n<p>Luego, debes completar lo m\u00e1s posible tu perfil, y cuando te parezca que est\u00e1 listo, debes solicitar su revisi\u00f3n. Esto lo hacemos para corroborar que no hayan errores en la informaci\u00f3n ingresada. Puede que recibas otro email, esta vez con consejos o correcciones necesarias.<\/p>\n\n\n\n<p>Una vez activado el perfil, un operador se comunicar\u00e1 contigo por alguno de los medios de contacto que has informado.<\/p>\n\n\n\n<h3>Aceptar las primeras consultas<\/h3>\n\n\n\n<p>En la secci\u00f3n &#8220;Consultas Disponibles&#8221; puedes ver qu\u00e9 es lo que est\u00e1n solicitando los clientes en este momento. <\/p>\n\n\n\n<p>Puedes ver el detalle de cada consulta, que es diferente seg\u00fan el rubro solicitado. Incluye informaci\u00f3n brindada por el usuario sobre qu\u00e9 necesita, qu\u00e9 datos de contacto tiene disponible, cu\u00e1ndo fue hecha la solicitud, cu\u00e1ntas propuestas busca y finalmente cu\u00e1ntos cr\u00e9ditos vale la consulta.<\/p>\n\n\n\n<p>En el momento en que aceptas una consulta, se te descuentan los cr\u00e9ditos correspondientes. Y reci\u00e9n entonces, puedes acceder a los datos completos del cliente, as\u00ed como tambi\u00e9n puedes enviar tu propuesta respondiendo a dicha consulta.<\/p>\n\n\n\n<p>Te sugerimos que siempre contactes con tu operador para realizar la compra de cr\u00e9ditos.<\/p>\n\n\n\n<h3>Comunicarse con el posible cliente<\/h3>\n\n\n\n<p>Una vez aceptada la consulta, se habilitar\u00e1 un formulario para que env\u00edes una propuesta, ya sea para visita o bien sugiriendo un precio estimado en caso de ser posible. Al enviarse, se mostrar\u00e1n adem\u00e1s los datos de contacto del cliente.<\/p>\n\n\n\n<p>Adem\u00e1s de la propuesta enviada a trav\u00e9s de la plataforma, sugerimos comunicarse telef\u00f3nicamente con el cliente, (en caso de que est\u00e9 disponible el n\u00famero) sobre todo en casos de urgencias.  <br><\/p>\n\n\n\n<p>A partir de ese momento, la forma de trabajo y coordinaci\u00f3n corren por cuenta del profesional, siguiendo los usos, costumbres y procesos que crea adecuados. De igual manera, tanto el presupuesto, forma y tiempos de pago, son acuerdos ajenos a HomeSolution.<\/p>\n","protected":false},"excerpt":{"rendered":"<p>Para comenzar a utilizar la plataforma, aceptar consultas, comunicarte con los clientes y trabajar, te sugerimos comenzar con estos pasos. Registro y perfil Para comenzar, debes registrarte como prestador y completar un formulario inicial. Una vez realizado este proceso, se te enviar\u00e1 un email de confirmaci\u00f3n. Luego, debes completar lo m\u00e1s posible tu perfil, y [&hellip;]<\/p>\n","protected":false},"author":1,"featured_media":0,"parent":0,"menu_order":0,"comment_status":"closed","ping_status":"closed","template":"fullwidth.php","meta":[],"yoast_head":"<!-- This site is optimized with the Yoast SEO plugin v17.3 - https:\/\/yoast.com\/wordpress\/plugins\/seo\/ -->\n<title>Primeros pasos - Home Solution<\/title>\n<meta name=\"robots\" content=\"index, follow, max-snippet:-1, max-image-preview:large, max-video-preview:-1\" \/>\n<link rel=\"canonical\" href=\"https:\/\/homesolution.net\/blog\/primeros-pasos\/\" \/>\n<meta property=\"og:locale\" content=\"es_ES\" \/>\n<meta property=\"og:type\" content=\"article\" \/>\n<meta property=\"og:title\" content=\"Primeros pasos - Home Solution\" \/>\n<meta property=\"og:description\" content=\"Para comenzar a utilizar la plataforma, aceptar consultas, comunicarte con los clientes y trabajar, te sugerimos comenzar con estos pasos. Registro y perfil Para comenzar, debes registrarte como prestador y completar un formulario inicial. Una vez realizado este proceso, se te enviar\u00e1 un email de confirmaci\u00f3n. Luego, debes completar lo m\u00e1s posible tu perfil, y [&hellip;]\" \/>\n<meta property=\"og:url\" content=\"https:\/\/homesolution.net\/blog\/primeros-pasos\/\" \/>\n<meta property=\"og:site_name\" content=\"Home Solution\" \/>\n<meta property=\"article:publisher\" content=\"https:\/\/www.facebook.com\/homesolutionnet\/\" \/>\n<meta property=\"article:modified_time\" content=\"2021-01-22T16:34:56+00:00\" \/>\n<meta name=\"twitter:card\" content=\"summary_large_image\" \/>\n<meta name=\"twitter:label1\" content=\"Tiempo de lectura\" \/>\n\t<meta name=\"twitter:data1\" content=\"2 minutos\" \/>\n<script type=\"application\/ld+json\" class=\"yoast-schema-graph\">{\"@context\":\"https:\/\/schema.org\",\"@graph\":[{\"@type\":\"Organization\",\"@id\":\"https:\/\/homesolution.net\/blog\/#organization\",\"name\":\"Home Solution\",\"url\":\"https:\/\/homesolution.net\/blog\/\",\"sameAs\":[\"https:\/\/www.facebook.com\/homesolutionnet\/\",\"https:\/\/www.instagram.com\/homesolutionnet\/\",\"https:\/\/www.linkedin.com\/company\/4794280\"],\"logo\":{\"@type\":\"ImageObject\",\"@id\":\"https:\/\/homesolution.net\/blog\/#logo\",\"inLanguage\":\"es\",\"url\":\"https:\/\/homesolution.net\/blog\/wp-content\/uploads\/2018\/07\/marca-pasos.png\",\"contentUrl\":\"https:\/\/homesolution.net\/blog\/wp-content\/uploads\/2018\/07\/marca-pasos.png\",\"width\":110,\"height\":109,\"caption\":\"Home Solution\"},\"image\":{\"@id\":\"https:\/\/homesolution.net\/blog\/#logo\"}},{\"@type\":\"WebSite\",\"@id\":\"https:\/\/homesolution.net\/blog\/#website\",\"url\":\"https:\/\/homesolution.net\/blog\/\",\"name\":\"Home Solution\",\"description\":\"Servicios para el hogar y la construccion: Electricistas, Alba\\u00f1ileria, Pintura, Arquitectura, Decoracion, Herreria, y todo lo que buscas.\",\"publisher\":{\"@id\":\"https:\/\/homesolution.net\/blog\/#organization\"},\"potentialAction\":[{\"@type\":\"SearchAction\",\"target\":{\"@type\":\"EntryPoint\",\"urlTemplate\":\"https:\/\/homesolution.net\/blog\/?s={search_term_string}\"},\"query-input\":\"required name=search_term_string\"}],\"inLanguage\":\"es\"},{\"@type\":\"WebPage\",\"@id\":\"https:\/\/homesolution.net\/blog\/primeros-pasos\/#webpage\",\"url\":\"https:\/\/homesolution.net\/blog\/primeros-pasos\/\",\"name\":\"Primeros pasos - Home Solution\",\"isPartOf\":{\"@id\":\"https:\/\/homesolution.net\/blog\/#website\"},\"datePublished\":\"2020-08-12T17:38:37+00:00\",\"dateModified\":\"2021-01-22T16:34:56+00:00\",\"breadcrumb\":{\"@id\":\"https:\/\/homesolution.net\/blog\/primeros-pasos\/#breadcrumb\"},\"inLanguage\":\"es\",\"potentialAction\":[{\"@type\":\"ReadAction\",\"target\":[\"https:\/\/homesolution.net\/blog\/primeros-pasos\/\"]}]},{\"@type\":\"BreadcrumbList\",\"@id\":\"https:\/\/homesolution.net\/blog\/primeros-pasos\/#breadcrumb\",\"itemListElement\":[{\"@type\":\"ListItem\",\"position\":1,\"name\":\"Portada\",\"item\":\"https:\/\/homesolution.net\/blog\/\"},{\"@type\":\"ListItem\",\"position\":2,\"name\":\"Primeros pasos\"}]}]}<\/script>\n<!-- \/ Yoast SEO plugin. -->","yoast_head_json":{"title":"Primeros pasos - Home Solution","robots":{"index":"index","follow":"follow","max-snippet":"max-snippet:-1","max-image-preview":"max-image-preview:large","max-video-preview":"max-video-preview:-1"},"canonical":"https:\/\/homesolution.net\/blog\/primeros-pasos\/","og_locale":"es_ES","og_type":"article","og_title":"Primeros pasos - Home Solution","og_description":"Para comenzar a utilizar la plataforma, aceptar consultas, comunicarte con los clientes y trabajar, te sugerimos comenzar con estos pasos. Registro y perfil Para comenzar, debes registrarte como prestador y completar un formulario inicial. Una vez realizado este proceso, se te enviar\u00e1 un email de confirmaci\u00f3n. Luego, debes completar lo m\u00e1s posible tu perfil, y [&hellip;]","og_url":"https:\/\/homesolution.net\/blog\/primeros-pasos\/","og_site_name":"Home Solution","article_publisher":"https:\/\/www.facebook.com\/homesolutionnet\/","article_modified_time":"2021-01-22T16:34:56+00:00","twitter_card":"summary_large_image","twitter_misc":{"Tiempo de lectura":"2 minutos"},"schema":{"@context":"https:\/\/schema.org","@graph":[{"@type":"Organization","@id":"https:\/\/homesolution.net\/blog\/#organization","name":"Home Solution","url":"https:\/\/homesolution.net\/blog\/","sameAs":["https:\/\/www.facebook.com\/homesolutionnet\/","https:\/\/www.instagram.com\/homesolutionnet\/","https:\/\/www.linkedin.com\/company\/4794280"],"logo":{"@type":"ImageObject","@id":"https:\/\/homesolution.net\/blog\/#logo","inLanguage":"es","url":"https:\/\/homesolution.net\/blog\/wp-content\/uploads\/2018\/07\/marca-pasos.png","contentUrl":"https:\/\/homesolution.net\/blog\/wp-content\/uploads\/2018\/07\/marca-pasos.png","width":110,"height":109,"caption":"Home Solution"},"image":{"@id":"https:\/\/homesolution.net\/blog\/#logo"}},{"@type":"WebSite","@id":"https:\/\/homesolution.net\/blog\/#website","url":"https:\/\/homesolution.net\/blog\/","name":"Home Solution","description":"Servicios para el hogar y la construccion: Electricistas, Alba\u00f1ileria, Pintura, Arquitectura, Decoracion, Herreria, y todo lo que buscas.","publisher":{"@id":"https:\/\/homesolution.net\/blog\/#organization"},"potentialAction":[{"@type":"SearchAction","target":{"@type":"EntryPoint","urlTemplate":"https:\/\/homesolution.net\/blog\/?s={search_term_string}"},"query-input":"required name=search_term_string"}],"inLanguage":"es"},{"@type":"WebPage","@id":"https:\/\/homesolution.net\/blog\/primeros-pasos\/#webpage","url":"https:\/\/homesolution.net\/blog\/primeros-pasos\/","name":"Primeros pasos - Home Solution","isPartOf":{"@id":"https:\/\/homesolution.net\/blog\/#website"},"datePublished":"2020-08-12T17:38:37+00:00","dateModified":"2021-01-22T16:34:56+00:00","breadcrumb":{"@id":"https:\/\/homesolution.net\/blog\/primeros-pasos\/#breadcrumb"},"inLanguage":"es","potentialAction":[{"@type":"ReadAction","target":["https:\/\/homesolution.net\/blog\/primeros-pasos\/"]}]},{"@type":"BreadcrumbList","@id":"https:\/\/homesolution.net\/blog\/primeros-pasos\/#breadcrumb","itemListElement":[{"@type":"ListItem","position":1,"name":"Portada","item":"https:\/\/homesolution.net\/blog\/"},{"@type":"ListItem","position":2,"name":"Primeros pasos"}]}]}},"_links":{"self":[{"href":"https:\/\/homesolution.net\/blog\/wp-json\/wp\/v2\/pages\/2561"}],"collection":[{"href":"https:\/\/homesolution.net\/blog\/wp-json\/wp\/v2\/pages"}],"about":[{"href":"https:\/\/homesolution.net\/blog\/wp-json\/wp\/v2\/types\/page"}],"author":[{"embeddable":true,"href":"https:\/\/homesolution.net\/blog\/wp-json\/wp\/v2\/users\/1"}],"replies":[{"embeddable":true,"href":"https:\/\/homesolution.net\/blog\/wp-json\/wp\/v2\/comments?post=2561"}],"version-history":[{"count":5,"href":"https:\/\/homesolution.net\/blog\/wp-json\/wp\/v2\/pages\/2561\/revisions"}],"predecessor-version":[{"id":3126,"href":"https:\/\/homesolution.net\/blog\/wp-json\/wp\/v2\/pages\/2561\/revisions\/3126"}],"wp:attachment":[{"href":"https:\/\/homesolution.net\/blog\/wp-json\/wp\/v2\/media?parent=2561"}],"curies":[{"name":"wp","href":"https:\/\/api.w.org\/{rel}","templated":true}]}}