{"id":2596,"date":"2020-08-17T21:09:13","date_gmt":"2020-08-17T21:09:13","guid":{"rendered":"https:\/\/homesolution.net\/blog\/?page_id=2596"},"modified":"2020-10-29T17:40:50","modified_gmt":"2020-10-29T17:40:50","slug":"uso-avanzado","status":"publish","type":"page","link":"https:\/\/homesolution.net\/blog\/uso-avanzado\/","title":{"rendered":"Uso Avanzado"},"content":{"rendered":"\n<p>Aqu\u00ed te contaremos acerca de todas las posibilidades que ofrece HomeSolution.net, as\u00ed como tambi\u00e9n acerca de los detalles de su uso. <\/p>\n\n\n\n<h3>Informaci\u00f3n en tu perfil<\/h3>\n\n\n\n<p>Tu perfil es lo m\u00e1s importante, ya que es tu carta de presentaci\u00f3n y es lo primero que los potenciales clientes revisan antes de decidir qu\u00e9 profesional contratar.<\/p>\n\n\n\n<p>Para poder editar tu perfil puedes ir al &#8220;Panel de Control&#8221; y elegir la opci\u00f3n &#8220;Editar Perfil&#8221; o bien, arriba a la derecha donde aparece tu nombre, al hacer click sobre \u00e9l, puedes ver la misma opci\u00f3n en el men\u00fa desplegable.<\/p>\n\n\n\n<p>Te sugerimos que realices la edici\u00f3n del perfil desde una computadora y no desde un celular.<\/p>\n\n\n\n<p>En el perfil puedes modificar tu foto, redactar una presentaci\u00f3n breve (la cual se env\u00eda por email a los usuarios junto con las propuestas), agregar tu informaci\u00f3n de contacto, \u00e1rea de trabajo, tambi\u00e9n sumar una presentaci\u00f3n extendida, im\u00e1genes de tus trabajos, servicios y categor\u00edas -incluyendo precios de referencia.<\/p>\n\n\n\n<p>Adem\u00e1s, puedes sumar datos como estudios, matr\u00edculas y habilitaciones y contestar preguntas frecuentes que hacen los usuarios.<\/p>\n\n\n\n<p>Finalmente, se pueden sumar calificaciones otorgadas tanto como por medio de referencias en otras plataformas (LinkedIn, por ej), de plataformas similares a HomeSolution.net o bien, calificaciones de clientes anteriores que no figuren en ning\u00fan lado, tanto como de usuarios de HomeSolution.net<\/p>\n\n\n\n<p><strong>Para m\u00e1s informaci\u00f3n te sugerimos ver<\/strong>:<\/p>\n\n\n\n<h3>Consultas de los usuarios<\/h3>\n\n\n\n<p>Cuando un potencial cliente genera una consulta, se le hacen diferentes tipos de preguntas, dependiendo del servicio que busca.<\/p>\n\n\n\n<p>Cuando accedes a dicha consulta, puedes ver diferentes detalles, entre los cuales se incluyen siempre: fecha y hora de inicio de la consulta, categor\u00eda o servicio solicitado, cantidad de presupuestos que han sido solicitados y la cantidad de profesionales que ya han respondido a la misma, datos de contacto (en general email y tel\u00e9fono) y valor en cr\u00e9ditos de la consulta.<\/p>\n\n\n\n<p><strong>Puede ver aqu\u00ed detalles y tips sobre cada dato de la consulta<\/strong>.<\/p>\n\n\n\n<h3>Valor de la consulta<\/h3>\n\n\n\n<p>El valor se determina dependiendo de varios factores, siendo los preponderantes el tipo de servicio, cu\u00e1ndo se inici\u00f3 la consulta, cu\u00e1ntos presupuestos fueron solicitados (por ej. si se solicit\u00f3 uno solo, el valor de la consulta ser\u00e1 m\u00e1s alto que si fueron solicitados 5).<\/p>\n\n\n\n<p>En caso de que sea una &#8220;consulta directa&#8221;, es decir, un usuario espec\u00edficamente busco a un prestador y le env\u00eda un mensaje, la consulta tiene un valor de tan s\u00f3lo 10 cr\u00e9ditos (diez cr\u00e9ditos).<\/p>\n\n\n\n<h3>Devoluci\u00f3n de cr\u00e9ditos<\/h3>\n\n\n\n<p> HomeSolution.net cuenta con una pol\u00edtica de devoluci\u00f3n de cr\u00e9ditos s\u00f3lo si  <br>env\u00edas un mensaje y el cliente no lo lee y tampoco tiene un tel\u00e9fono. En este caso se te devolver\u00e1n los cr\u00e9ditos, dentro de los siguientes 10 d\u00edas. <\/p>\n\n\n\n<p>Tambi\u00e9n ser\u00e1n devueltos los cr\u00e9ditos  en caso de que se detecte que el email o el tel\u00e9fono provistos por el potencial cliente sean incorrectos. <\/p>\n\n\n\n<p> <br><strong>No habr\u00e1 devoluci\u00f3n de cr\u00e9ditos<\/strong> en caso que el usuario lea el mensaje que le has enviado pero no lo responda, pues entendemos que se decidi\u00f3 por otro profesional. <br><\/p>\n\n\n\n<p>Tampoco se te devolver\u00e1n los cr\u00e9ditos si env\u00edas un mensaje y el cliente no lo lee, pero el mismo s\u00ed tiene tel\u00e9fono,  ya que puede estar esperando ser llamado.  <\/p>\n","protected":false},"excerpt":{"rendered":"<p>Aqu\u00ed te contaremos acerca de todas las posibilidades que ofrece HomeSolution.net, as\u00ed como tambi\u00e9n acerca de los detalles de su uso. Informaci\u00f3n en tu perfil Tu perfil es lo m\u00e1s importante, ya que es tu carta de presentaci\u00f3n y es lo primero que los potenciales clientes revisan antes de decidir qu\u00e9 profesional contratar. Para poder [&hellip;]<\/p>\n","protected":false},"author":1,"featured_media":0,"parent":0,"menu_order":0,"comment_status":"closed","ping_status":"closed","template":"fullwidth.php","meta":[],"yoast_head":"<!-- This site is optimized with the Yoast SEO plugin v17.3 - https:\/\/yoast.com\/wordpress\/plugins\/seo\/ -->\n<title>Uso Avanzado - Home Solution<\/title>\n<meta name=\"robots\" content=\"index, follow, max-snippet:-1, max-image-preview:large, max-video-preview:-1\" \/>\n<link rel=\"canonical\" href=\"https:\/\/homesolution.net\/blog\/uso-avanzado\/\" \/>\n<meta property=\"og:locale\" content=\"es_ES\" \/>\n<meta property=\"og:type\" content=\"article\" \/>\n<meta property=\"og:title\" content=\"Uso Avanzado - Home Solution\" \/>\n<meta property=\"og:description\" content=\"Aqu\u00ed te contaremos acerca de todas las posibilidades que ofrece HomeSolution.net, as\u00ed como tambi\u00e9n acerca de los detalles de su uso. Informaci\u00f3n en tu perfil Tu perfil es lo m\u00e1s importante, ya que es tu carta de presentaci\u00f3n y es lo primero que los potenciales clientes revisan antes de decidir qu\u00e9 profesional contratar. Para poder [&hellip;]\" \/>\n<meta property=\"og:url\" content=\"https:\/\/homesolution.net\/blog\/uso-avanzado\/\" \/>\n<meta property=\"og:site_name\" content=\"Home Solution\" \/>\n<meta property=\"article:publisher\" content=\"https:\/\/www.facebook.com\/homesolutionnet\/\" \/>\n<meta property=\"article:modified_time\" content=\"2020-10-29T17:40:50+00:00\" \/>\n<meta name=\"twitter:card\" content=\"summary_large_image\" \/>\n<meta name=\"twitter:label1\" content=\"Tiempo de lectura\" \/>\n\t<meta name=\"twitter:data1\" content=\"3 minutos\" \/>\n<script type=\"application\/ld+json\" class=\"yoast-schema-graph\">{\"@context\":\"https:\/\/schema.org\",\"@graph\":[{\"@type\":\"Organization\",\"@id\":\"https:\/\/homesolution.net\/blog\/#organization\",\"name\":\"Home Solution\",\"url\":\"https:\/\/homesolution.net\/blog\/\",\"sameAs\":[\"https:\/\/www.facebook.com\/homesolutionnet\/\",\"https:\/\/www.instagram.com\/homesolutionnet\/\",\"https:\/\/www.linkedin.com\/company\/4794280\"],\"logo\":{\"@type\":\"ImageObject\",\"@id\":\"https:\/\/homesolution.net\/blog\/#logo\",\"inLanguage\":\"es\",\"url\":\"https:\/\/homesolution.net\/blog\/wp-content\/uploads\/2018\/07\/marca-pasos.png\",\"contentUrl\":\"https:\/\/homesolution.net\/blog\/wp-content\/uploads\/2018\/07\/marca-pasos.png\",\"width\":110,\"height\":109,\"caption\":\"Home Solution\"},\"image\":{\"@id\":\"https:\/\/homesolution.net\/blog\/#logo\"}},{\"@type\":\"WebSite\",\"@id\":\"https:\/\/homesolution.net\/blog\/#website\",\"url\":\"https:\/\/homesolution.net\/blog\/\",\"name\":\"Home Solution\",\"description\":\"Servicios para el hogar y la construccion: Electricistas, Alba\\u00f1ileria, Pintura, Arquitectura, Decoracion, Herreria, y todo lo que buscas.\",\"publisher\":{\"@id\":\"https:\/\/homesolution.net\/blog\/#organization\"},\"potentialAction\":[{\"@type\":\"SearchAction\",\"target\":{\"@type\":\"EntryPoint\",\"urlTemplate\":\"https:\/\/homesolution.net\/blog\/?s={search_term_string}\"},\"query-input\":\"required name=search_term_string\"}],\"inLanguage\":\"es\"},{\"@type\":\"WebPage\",\"@id\":\"https:\/\/homesolution.net\/blog\/uso-avanzado\/#webpage\",\"url\":\"https:\/\/homesolution.net\/blog\/uso-avanzado\/\",\"name\":\"Uso Avanzado - Home Solution\",\"isPartOf\":{\"@id\":\"https:\/\/homesolution.net\/blog\/#website\"},\"datePublished\":\"2020-08-17T21:09:13+00:00\",\"dateModified\":\"2020-10-29T17:40:50+00:00\",\"breadcrumb\":{\"@id\":\"https:\/\/homesolution.net\/blog\/uso-avanzado\/#breadcrumb\"},\"inLanguage\":\"es\",\"potentialAction\":[{\"@type\":\"ReadAction\",\"target\":[\"https:\/\/homesolution.net\/blog\/uso-avanzado\/\"]}]},{\"@type\":\"BreadcrumbList\",\"@id\":\"https:\/\/homesolution.net\/blog\/uso-avanzado\/#breadcrumb\",\"itemListElement\":[{\"@type\":\"ListItem\",\"position\":1,\"name\":\"Portada\",\"item\":\"https:\/\/homesolution.net\/blog\/\"},{\"@type\":\"ListItem\",\"position\":2,\"name\":\"Uso Avanzado\"}]}]}<\/script>\n<!-- \/ Yoast SEO plugin. -->","yoast_head_json":{"title":"Uso Avanzado - Home Solution","robots":{"index":"index","follow":"follow","max-snippet":"max-snippet:-1","max-image-preview":"max-image-preview:large","max-video-preview":"max-video-preview:-1"},"canonical":"https:\/\/homesolution.net\/blog\/uso-avanzado\/","og_locale":"es_ES","og_type":"article","og_title":"Uso Avanzado - Home Solution","og_description":"Aqu\u00ed te contaremos acerca de todas las posibilidades que ofrece HomeSolution.net, as\u00ed como tambi\u00e9n acerca de los detalles de su uso. Informaci\u00f3n en tu perfil Tu perfil es lo m\u00e1s importante, ya que es tu carta de presentaci\u00f3n y es lo primero que los potenciales clientes revisan antes de decidir qu\u00e9 profesional contratar. Para poder [&hellip;]","og_url":"https:\/\/homesolution.net\/blog\/uso-avanzado\/","og_site_name":"Home Solution","article_publisher":"https:\/\/www.facebook.com\/homesolutionnet\/","article_modified_time":"2020-10-29T17:40:50+00:00","twitter_card":"summary_large_image","twitter_misc":{"Tiempo de lectura":"3 minutos"},"schema":{"@context":"https:\/\/schema.org","@graph":[{"@type":"Organization","@id":"https:\/\/homesolution.net\/blog\/#organization","name":"Home Solution","url":"https:\/\/homesolution.net\/blog\/","sameAs":["https:\/\/www.facebook.com\/homesolutionnet\/","https:\/\/www.instagram.com\/homesolutionnet\/","https:\/\/www.linkedin.com\/company\/4794280"],"logo":{"@type":"ImageObject","@id":"https:\/\/homesolution.net\/blog\/#logo","inLanguage":"es","url":"https:\/\/homesolution.net\/blog\/wp-content\/uploads\/2018\/07\/marca-pasos.png","contentUrl":"https:\/\/homesolution.net\/blog\/wp-content\/uploads\/2018\/07\/marca-pasos.png","width":110,"height":109,"caption":"Home Solution"},"image":{"@id":"https:\/\/homesolution.net\/blog\/#logo"}},{"@type":"WebSite","@id":"https:\/\/homesolution.net\/blog\/#website","url":"https:\/\/homesolution.net\/blog\/","name":"Home Solution","description":"Servicios para el hogar y la construccion: Electricistas, Alba\u00f1ileria, Pintura, Arquitectura, Decoracion, Herreria, y todo lo que buscas.","publisher":{"@id":"https:\/\/homesolution.net\/blog\/#organization"},"potentialAction":[{"@type":"SearchAction","target":{"@type":"EntryPoint","urlTemplate":"https:\/\/homesolution.net\/blog\/?s={search_term_string}"},"query-input":"required name=search_term_string"}],"inLanguage":"es"},{"@type":"WebPage","@id":"https:\/\/homesolution.net\/blog\/uso-avanzado\/#webpage","url":"https:\/\/homesolution.net\/blog\/uso-avanzado\/","name":"Uso Avanzado - Home Solution","isPartOf":{"@id":"https:\/\/homesolution.net\/blog\/#website"},"datePublished":"2020-08-17T21:09:13+00:00","dateModified":"2020-10-29T17:40:50+00:00","breadcrumb":{"@id":"https:\/\/homesolution.net\/blog\/uso-avanzado\/#breadcrumb"},"inLanguage":"es","potentialAction":[{"@type":"ReadAction","target":["https:\/\/homesolution.net\/blog\/uso-avanzado\/"]}]},{"@type":"BreadcrumbList","@id":"https:\/\/homesolution.net\/blog\/uso-avanzado\/#breadcrumb","itemListElement":[{"@type":"ListItem","position":1,"name":"Portada","item":"https:\/\/homesolution.net\/blog\/"},{"@type":"ListItem","position":2,"name":"Uso Avanzado"}]}]}},"_links":{"self":[{"href":"https:\/\/homesolution.net\/blog\/wp-json\/wp\/v2\/pages\/2596"}],"collection":[{"href":"https:\/\/homesolution.net\/blog\/wp-json\/wp\/v2\/pages"}],"about":[{"href":"https:\/\/homesolution.net\/blog\/wp-json\/wp\/v2\/types\/page"}],"author":[{"embeddable":true,"href":"https:\/\/homesolution.net\/blog\/wp-json\/wp\/v2\/users\/1"}],"replies":[{"embeddable":true,"href":"https:\/\/homesolution.net\/blog\/wp-json\/wp\/v2\/comments?post=2596"}],"version-history":[{"count":6,"href":"https:\/\/homesolution.net\/blog\/wp-json\/wp\/v2\/pages\/2596\/revisions"}],"predecessor-version":[{"id":2732,"href":"https:\/\/homesolution.net\/blog\/wp-json\/wp\/v2\/pages\/2596\/revisions\/2732"}],"wp:attachment":[{"href":"https:\/\/homesolution.net\/blog\/wp-json\/wp\/v2\/media?parent=2596"}],"curies":[{"name":"wp","href":"https:\/\/api.w.org\/{rel}","templated":true}]}}