{"id":2992,"date":"2020-12-21T16:17:33","date_gmt":"2020-12-21T16:17:33","guid":{"rendered":"https:\/\/homesolution.net\/blog\/?page_id=2992"},"modified":"2020-12-21T16:17:34","modified_gmt":"2020-12-21T16:17:34","slug":"quienes-somos","status":"publish","type":"page","link":"https:\/\/homesolution.net\/blog\/quienes-somos\/","title":{"rendered":"\u00bfQui\u00e9nes somos?"},"content":{"rendered":"\n<p><strong>Somos un equipo de profesionales comprometidos con el desarrollo de una plataforma de alto impacto y transformaci\u00f3n social para el sector de la construcci\u00f3n y el hogar.<\/strong><\/p>\n\n\n\n<ul><li><strong>Objetivos<\/strong><br>Dinamizar un sector socio-econ\u00f3mico relegado a trav\u00e9s de fomentar la interacci\u00f3n entre colegas, promover la responsabilidad individual y el desarrollo profesional, favorecer la independencia laboral, la transparencia y el trato directo, como antagonistas de la intermediaci\u00f3n, y la generaci\u00f3n de empleo e ingresos m\u00e1s estables.<\/li><\/ul>\n\n\n\n<ul><li><strong>Misi\u00f3n<\/strong><br>Ser una herramienta de transformaci\u00f3n y crecimiento para todos los profesionales de servicios para el hogar y la construcci\u00f3n, promoviendo la igualdad de oportunidades, la responsabilidad y el desarrollo del potencial individual.<\/li><\/ul>\n\n\n\n<ul><li><strong>Visi\u00f3n<\/strong><br>Ser la plataforma de referencia del mercado de los servicios para el hogar y la construcci\u00f3n.<\/li><\/ul>\n\n\n\n<h2>Principios<\/h2>\n\n\n\n<ul><li><em>Principio 1:<\/em>\u00a0Home Solution promueve la\u00a0<strong>No Intermediaci\u00f3n.<\/strong><br>Queremos tratos directos entre las partes, para que los prestadores reciban un pago justo de acuerdo a su profesionalismo.<\/li><\/ul>\n\n\n\n<ul><li><em>Principio 2:<\/em>\u00a0Home Solution promueve la\u00a0<strong>Independencia.<\/strong><br>Nos importan los profesionales que han elegido el arduo pero gratificante camino de la independencia, en la que el esfuerzo diario se transforma en recompensas.<\/li><\/ul>\n\n\n\n<ul><li><em>Principio 3:<\/em>\u00a0Home Solution promueve la\u00a0<strong>Responsabilidad.<\/strong><br>Apoyamos a los profesionales que toman sus oficios con responsabilidad, sabiendo que las acciones de hoy, construyen el \u00e9xito futuro.<\/li><\/ul>\n\n\n\n<ul><li><em>Principio 4:<\/em>\u00a0Home Solution promueve el\u00a0<strong>Profesionalismo.<\/strong><br>Colaboramos con el desarrollo a trav\u00e9s de cursos, capacitaciones y herramientas para que los profesionales sean cada vez m\u00e1s efectivos.<\/li><\/ul>\n\n\n\n<ul><li><em>Principio 5:<\/em>\u00a0Home Solution promueve el\u00a0<strong>Compromiso.<\/strong><br>Estimulamos la visi\u00f3n de largo plazo comprometida con la satisfacci\u00f3n del cliente y la construcci\u00f3n de una buena reputaci\u00f3n.<\/li><\/ul>\n\n\n\n<ul><li><em>Principio 6:<\/em>\u00a0Home Solution promueve la\u00a0<strong>Transparencia.<\/strong><br>Creemos en la transparencia de las relaciones directas, sin intermediarios ni filtros. Tan solo entre el profesional y el cliente.<\/li><\/ul>\n\n\n\n<ul><li><em>Principio 7:<\/em>\u00a0Home Solution promueve el\u00a0<strong>Crecimiento.<\/strong><br>Favorecemos el crecimiento constante, porque creemos que qui\u00e9n no avanza, retrocede.<\/li><\/ul>\n\n\n\n<ul><li><em>Principio 8:<\/em>\u00a0Home Solution promueve la\u00a0<strong>Conectividad.<\/strong><br>Fomentamos la vinculaci\u00f3n entre profesionales para que conformen equipos de trabajo e intercambien t\u00e9cnicas y experiencias.<\/li><\/ul>\n","protected":false},"excerpt":{"rendered":"<p>Somos un equipo de profesionales comprometidos con el desarrollo de una plataforma de alto impacto y transformaci\u00f3n social para el sector de la construcci\u00f3n y el hogar. ObjetivosDinamizar un sector socio-econ\u00f3mico relegado a trav\u00e9s de fomentar la interacci\u00f3n entre colegas, promover la responsabilidad individual y el desarrollo profesional, favorecer la independencia laboral, la transparencia y [&hellip;]<\/p>\n","protected":false},"author":5,"featured_media":0,"parent":0,"menu_order":0,"comment_status":"closed","ping_status":"closed","template":"","meta":[],"yoast_head":"<!-- This site is optimized with the Yoast SEO plugin v17.3 - https:\/\/yoast.com\/wordpress\/plugins\/seo\/ -->\n<title>\u00bfQui\u00e9nes somos? - Home Solution<\/title>\n<meta name=\"robots\" content=\"index, follow, max-snippet:-1, max-image-preview:large, max-video-preview:-1\" \/>\n<link rel=\"canonical\" href=\"https:\/\/homesolution.net\/blog\/quienes-somos\/\" \/>\n<meta property=\"og:locale\" content=\"es_ES\" \/>\n<meta property=\"og:type\" content=\"article\" \/>\n<meta property=\"og:title\" content=\"\u00bfQui\u00e9nes somos? - Home Solution\" \/>\n<meta property=\"og:description\" content=\"Somos un equipo de profesionales comprometidos con el desarrollo de una plataforma de alto impacto y transformaci\u00f3n social para el sector de la construcci\u00f3n y el hogar. ObjetivosDinamizar un sector socio-econ\u00f3mico relegado a trav\u00e9s de fomentar la interacci\u00f3n entre colegas, promover la responsabilidad individual y el desarrollo profesional, favorecer la independencia laboral, la transparencia y [&hellip;]\" \/>\n<meta property=\"og:url\" content=\"https:\/\/homesolution.net\/blog\/quienes-somos\/\" \/>\n<meta property=\"og:site_name\" content=\"Home Solution\" \/>\n<meta property=\"article:publisher\" content=\"https:\/\/www.facebook.com\/homesolutionnet\/\" \/>\n<meta property=\"article:modified_time\" content=\"2020-12-21T16:17:34+00:00\" \/>\n<meta name=\"twitter:card\" content=\"summary_large_image\" \/>\n<meta name=\"twitter:label1\" content=\"Tiempo de lectura\" \/>\n\t<meta name=\"twitter:data1\" content=\"2 minutos\" \/>\n<script type=\"application\/ld+json\" class=\"yoast-schema-graph\">{\"@context\":\"https:\/\/schema.org\",\"@graph\":[{\"@type\":\"Organization\",\"@id\":\"https:\/\/homesolution.net\/blog\/#organization\",\"name\":\"Home Solution\",\"url\":\"https:\/\/homesolution.net\/blog\/\",\"sameAs\":[\"https:\/\/www.facebook.com\/homesolutionnet\/\",\"https:\/\/www.instagram.com\/homesolutionnet\/\",\"https:\/\/www.linkedin.com\/company\/4794280\"],\"logo\":{\"@type\":\"ImageObject\",\"@id\":\"https:\/\/homesolution.net\/blog\/#logo\",\"inLanguage\":\"es\",\"url\":\"https:\/\/homesolution.net\/blog\/wp-content\/uploads\/2018\/07\/marca-pasos.png\",\"contentUrl\":\"https:\/\/homesolution.net\/blog\/wp-content\/uploads\/2018\/07\/marca-pasos.png\",\"width\":110,\"height\":109,\"caption\":\"Home Solution\"},\"image\":{\"@id\":\"https:\/\/homesolution.net\/blog\/#logo\"}},{\"@type\":\"WebSite\",\"@id\":\"https:\/\/homesolution.net\/blog\/#website\",\"url\":\"https:\/\/homesolution.net\/blog\/\",\"name\":\"Home Solution\",\"description\":\"Servicios para el hogar y la construccion: Electricistas, Alba\\u00f1ileria, Pintura, Arquitectura, Decoracion, Herreria, y todo lo que buscas.\",\"publisher\":{\"@id\":\"https:\/\/homesolution.net\/blog\/#organization\"},\"potentialAction\":[{\"@type\":\"SearchAction\",\"target\":{\"@type\":\"EntryPoint\",\"urlTemplate\":\"https:\/\/homesolution.net\/blog\/?s={search_term_string}\"},\"query-input\":\"required name=search_term_string\"}],\"inLanguage\":\"es\"},{\"@type\":\"WebPage\",\"@id\":\"https:\/\/homesolution.net\/blog\/quienes-somos\/#webpage\",\"url\":\"https:\/\/homesolution.net\/blog\/quienes-somos\/\",\"name\":\"\\u00bfQui\\u00e9nes somos? - Home Solution\",\"isPartOf\":{\"@id\":\"https:\/\/homesolution.net\/blog\/#website\"},\"datePublished\":\"2020-12-21T16:17:33+00:00\",\"dateModified\":\"2020-12-21T16:17:34+00:00\",\"breadcrumb\":{\"@id\":\"https:\/\/homesolution.net\/blog\/quienes-somos\/#breadcrumb\"},\"inLanguage\":\"es\",\"potentialAction\":[{\"@type\":\"ReadAction\",\"target\":[\"https:\/\/homesolution.net\/blog\/quienes-somos\/\"]}]},{\"@type\":\"BreadcrumbList\",\"@id\":\"https:\/\/homesolution.net\/blog\/quienes-somos\/#breadcrumb\",\"itemListElement\":[{\"@type\":\"ListItem\",\"position\":1,\"name\":\"Portada\",\"item\":\"https:\/\/homesolution.net\/blog\/\"},{\"@type\":\"ListItem\",\"position\":2,\"name\":\"\\u00bfQui\\u00e9nes somos?\"}]}]}<\/script>\n<!-- \/ Yoast SEO plugin. -->","yoast_head_json":{"title":"\u00bfQui\u00e9nes somos? - Home Solution","robots":{"index":"index","follow":"follow","max-snippet":"max-snippet:-1","max-image-preview":"max-image-preview:large","max-video-preview":"max-video-preview:-1"},"canonical":"https:\/\/homesolution.net\/blog\/quienes-somos\/","og_locale":"es_ES","og_type":"article","og_title":"\u00bfQui\u00e9nes somos? - Home Solution","og_description":"Somos un equipo de profesionales comprometidos con el desarrollo de una plataforma de alto impacto y transformaci\u00f3n social para el sector de la construcci\u00f3n y el hogar. ObjetivosDinamizar un sector socio-econ\u00f3mico relegado a trav\u00e9s de fomentar la interacci\u00f3n entre colegas, promover la responsabilidad individual y el desarrollo profesional, favorecer la independencia laboral, la transparencia y [&hellip;]","og_url":"https:\/\/homesolution.net\/blog\/quienes-somos\/","og_site_name":"Home Solution","article_publisher":"https:\/\/www.facebook.com\/homesolutionnet\/","article_modified_time":"2020-12-21T16:17:34+00:00","twitter_card":"summary_large_image","twitter_misc":{"Tiempo de lectura":"2 minutos"},"schema":{"@context":"https:\/\/schema.org","@graph":[{"@type":"Organization","@id":"https:\/\/homesolution.net\/blog\/#organization","name":"Home Solution","url":"https:\/\/homesolution.net\/blog\/","sameAs":["https:\/\/www.facebook.com\/homesolutionnet\/","https:\/\/www.instagram.com\/homesolutionnet\/","https:\/\/www.linkedin.com\/company\/4794280"],"logo":{"@type":"ImageObject","@id":"https:\/\/homesolution.net\/blog\/#logo","inLanguage":"es","url":"https:\/\/homesolution.net\/blog\/wp-content\/uploads\/2018\/07\/marca-pasos.png","contentUrl":"https:\/\/homesolution.net\/blog\/wp-content\/uploads\/2018\/07\/marca-pasos.png","width":110,"height":109,"caption":"Home Solution"},"image":{"@id":"https:\/\/homesolution.net\/blog\/#logo"}},{"@type":"WebSite","@id":"https:\/\/homesolution.net\/blog\/#website","url":"https:\/\/homesolution.net\/blog\/","name":"Home Solution","description":"Servicios para el hogar y la construccion: Electricistas, Alba\u00f1ileria, Pintura, Arquitectura, Decoracion, Herreria, y todo lo que buscas.","publisher":{"@id":"https:\/\/homesolution.net\/blog\/#organization"},"potentialAction":[{"@type":"SearchAction","target":{"@type":"EntryPoint","urlTemplate":"https:\/\/homesolution.net\/blog\/?s={search_term_string}"},"query-input":"required name=search_term_string"}],"inLanguage":"es"},{"@type":"WebPage","@id":"https:\/\/homesolution.net\/blog\/quienes-somos\/#webpage","url":"https:\/\/homesolution.net\/blog\/quienes-somos\/","name":"\u00bfQui\u00e9nes somos? - Home Solution","isPartOf":{"@id":"https:\/\/homesolution.net\/blog\/#website"},"datePublished":"2020-12-21T16:17:33+00:00","dateModified":"2020-12-21T16:17:34+00:00","breadcrumb":{"@id":"https:\/\/homesolution.net\/blog\/quienes-somos\/#breadcrumb"},"inLanguage":"es","potentialAction":[{"@type":"ReadAction","target":["https:\/\/homesolution.net\/blog\/quienes-somos\/"]}]},{"@type":"BreadcrumbList","@id":"https:\/\/homesolution.net\/blog\/quienes-somos\/#breadcrumb","itemListElement":[{"@type":"ListItem","position":1,"name":"Portada","item":"https:\/\/homesolution.net\/blog\/"},{"@type":"ListItem","position":2,"name":"\u00bfQui\u00e9nes somos?"}]}]}},"_links":{"self":[{"href":"https:\/\/homesolution.net\/blog\/wp-json\/wp\/v2\/pages\/2992"}],"collection":[{"href":"https:\/\/homesolution.net\/blog\/wp-json\/wp\/v2\/pages"}],"about":[{"href":"https:\/\/homesolution.net\/blog\/wp-json\/wp\/v2\/types\/page"}],"author":[{"embeddable":true,"href":"https:\/\/homesolution.net\/blog\/wp-json\/wp\/v2\/users\/5"}],"replies":[{"embeddable":true,"href":"https:\/\/homesolution.net\/blog\/wp-json\/wp\/v2\/comments?post=2992"}],"version-history":[{"count":1,"href":"https:\/\/homesolution.net\/blog\/wp-json\/wp\/v2\/pages\/2992\/revisions"}],"predecessor-version":[{"id":2993,"href":"https:\/\/homesolution.net\/blog\/wp-json\/wp\/v2\/pages\/2992\/revisions\/2993"}],"wp:attachment":[{"href":"https:\/\/homesolution.net\/blog\/wp-json\/wp\/v2\/media?parent=2992"}],"curies":[{"name":"wp","href":"https:\/\/api.w.org\/{rel}","templated":true}]}}