{"id":2995,"date":"2020-12-21T16:25:20","date_gmt":"2020-12-21T16:25:20","guid":{"rendered":"https:\/\/homesolution.net\/blog\/?page_id=2995"},"modified":"2020-12-21T16:25:22","modified_gmt":"2020-12-21T16:25:22","slug":"que-es-home-solution","status":"publish","type":"page","link":"https:\/\/homesolution.net\/blog\/que-es-home-solution\/","title":{"rendered":"\u00bfQu\u00e9 es Home Solution?"},"content":{"rendered":"\n<p><strong>Home Solution es una plataforma que vincula las necesidades hogare\u00f1as de mantenimiento, reparaci\u00f3n y mejora del hogar con profesionales recomendados por la comunidad.<\/strong><\/p>\n\n\n\n<p>Home Solution naci\u00f3 en respuesta a las preguntas que todos nos hacemos cuando algo se descompone en nuestras casas:<\/p>\n\n\n\n<ul><li>\u00bfD\u00f3nde encuentro un prestador para resolver mi problema o proyecto?<\/li><li>\u00bfEs profesional? \u00bfEst\u00e1 matriculado?<\/li><li>\u00bfMe proveer\u00e1 un buen servicio?<\/li><li>\u00bfCobrar\u00e1 un precio razonable?<\/li><li>\u00bfSer\u00e1 confiable?<\/li><li>\u00bfQu\u00e9 referencias tiene?<\/li><\/ul>\n\n\n\n<p>Y fue desarrollado bajo los siguientes criterios:<\/p>\n\n\n\n<ul><li>Es gratuito.<\/li><li>No intermedia entre las partes.<\/li><li>Favorece una comunicaci\u00f3n directa y transparente.<\/li><li>Promueve la responsabilidad por los resultados.<\/li><li>Colabora con el crecimiento profesional y econ\u00f3mico.<\/li><li>Fomenta la independencia laboral.<\/li><li>Busca constantemente la excelencia y la igualdad de oportunidades.<\/li><\/ul>\n","protected":false},"excerpt":{"rendered":"<p>Home Solution es una plataforma que vincula las necesidades hogare\u00f1as de mantenimiento, reparaci\u00f3n y mejora del hogar con profesionales recomendados por la comunidad. Home Solution naci\u00f3 en respuesta a las preguntas que todos nos hacemos cuando algo se descompone en nuestras casas: \u00bfD\u00f3nde encuentro un prestador para resolver mi problema o proyecto? \u00bfEs profesional? \u00bfEst\u00e1 [&hellip;]<\/p>\n","protected":false},"author":5,"featured_media":0,"parent":0,"menu_order":0,"comment_status":"closed","ping_status":"closed","template":"","meta":[],"yoast_head":"<!-- This site is optimized with the Yoast SEO plugin v17.3 - https:\/\/yoast.com\/wordpress\/plugins\/seo\/ -->\n<title>\u00bfQu\u00e9 es Home Solution? - Home Solution<\/title>\n<meta name=\"robots\" content=\"index, follow, max-snippet:-1, max-image-preview:large, max-video-preview:-1\" \/>\n<link rel=\"canonical\" href=\"https:\/\/homesolution.net\/blog\/que-es-home-solution\/\" \/>\n<meta property=\"og:locale\" content=\"es_ES\" \/>\n<meta property=\"og:type\" content=\"article\" \/>\n<meta property=\"og:title\" content=\"\u00bfQu\u00e9 es Home Solution? - Home Solution\" \/>\n<meta property=\"og:description\" content=\"Home Solution es una plataforma que vincula las necesidades hogare\u00f1as de mantenimiento, reparaci\u00f3n y mejora del hogar con profesionales recomendados por la comunidad. Home Solution naci\u00f3 en respuesta a las preguntas que todos nos hacemos cuando algo se descompone en nuestras casas: \u00bfD\u00f3nde encuentro un prestador para resolver mi problema o proyecto? \u00bfEs profesional? \u00bfEst\u00e1 [&hellip;]\" \/>\n<meta property=\"og:url\" content=\"https:\/\/homesolution.net\/blog\/que-es-home-solution\/\" \/>\n<meta property=\"og:site_name\" content=\"Home Solution\" \/>\n<meta property=\"article:publisher\" content=\"https:\/\/www.facebook.com\/homesolutionnet\/\" \/>\n<meta property=\"article:modified_time\" content=\"2020-12-21T16:25:22+00:00\" \/>\n<meta name=\"twitter:card\" content=\"summary_large_image\" \/>\n<meta name=\"twitter:label1\" content=\"Tiempo de lectura\" \/>\n\t<meta name=\"twitter:data1\" content=\"1 minuto\" \/>\n<script type=\"application\/ld+json\" class=\"yoast-schema-graph\">{\"@context\":\"https:\/\/schema.org\",\"@graph\":[{\"@type\":\"Organization\",\"@id\":\"https:\/\/homesolution.net\/blog\/#organization\",\"name\":\"Home Solution\",\"url\":\"https:\/\/homesolution.net\/blog\/\",\"sameAs\":[\"https:\/\/www.facebook.com\/homesolutionnet\/\",\"https:\/\/www.instagram.com\/homesolutionnet\/\",\"https:\/\/www.linkedin.com\/company\/4794280\"],\"logo\":{\"@type\":\"ImageObject\",\"@id\":\"https:\/\/homesolution.net\/blog\/#logo\",\"inLanguage\":\"es\",\"url\":\"https:\/\/homesolution.net\/blog\/wp-content\/uploads\/2018\/07\/marca-pasos.png\",\"contentUrl\":\"https:\/\/homesolution.net\/blog\/wp-content\/uploads\/2018\/07\/marca-pasos.png\",\"width\":110,\"height\":109,\"caption\":\"Home Solution\"},\"image\":{\"@id\":\"https:\/\/homesolution.net\/blog\/#logo\"}},{\"@type\":\"WebSite\",\"@id\":\"https:\/\/homesolution.net\/blog\/#website\",\"url\":\"https:\/\/homesolution.net\/blog\/\",\"name\":\"Home Solution\",\"description\":\"Servicios para el hogar y la construccion: Electricistas, Alba\\u00f1ileria, Pintura, Arquitectura, Decoracion, Herreria, y todo lo que buscas.\",\"publisher\":{\"@id\":\"https:\/\/homesolution.net\/blog\/#organization\"},\"potentialAction\":[{\"@type\":\"SearchAction\",\"target\":{\"@type\":\"EntryPoint\",\"urlTemplate\":\"https:\/\/homesolution.net\/blog\/?s={search_term_string}\"},\"query-input\":\"required name=search_term_string\"}],\"inLanguage\":\"es\"},{\"@type\":\"WebPage\",\"@id\":\"https:\/\/homesolution.net\/blog\/que-es-home-solution\/#webpage\",\"url\":\"https:\/\/homesolution.net\/blog\/que-es-home-solution\/\",\"name\":\"\\u00bfQu\\u00e9 es Home Solution? - Home Solution\",\"isPartOf\":{\"@id\":\"https:\/\/homesolution.net\/blog\/#website\"},\"datePublished\":\"2020-12-21T16:25:20+00:00\",\"dateModified\":\"2020-12-21T16:25:22+00:00\",\"breadcrumb\":{\"@id\":\"https:\/\/homesolution.net\/blog\/que-es-home-solution\/#breadcrumb\"},\"inLanguage\":\"es\",\"potentialAction\":[{\"@type\":\"ReadAction\",\"target\":[\"https:\/\/homesolution.net\/blog\/que-es-home-solution\/\"]}]},{\"@type\":\"BreadcrumbList\",\"@id\":\"https:\/\/homesolution.net\/blog\/que-es-home-solution\/#breadcrumb\",\"itemListElement\":[{\"@type\":\"ListItem\",\"position\":1,\"name\":\"Portada\",\"item\":\"https:\/\/homesolution.net\/blog\/\"},{\"@type\":\"ListItem\",\"position\":2,\"name\":\"\\u00bfQu\\u00e9 es Home Solution?\"}]}]}<\/script>\n<!-- \/ Yoast SEO plugin. -->","yoast_head_json":{"title":"\u00bfQu\u00e9 es Home Solution? - Home Solution","robots":{"index":"index","follow":"follow","max-snippet":"max-snippet:-1","max-image-preview":"max-image-preview:large","max-video-preview":"max-video-preview:-1"},"canonical":"https:\/\/homesolution.net\/blog\/que-es-home-solution\/","og_locale":"es_ES","og_type":"article","og_title":"\u00bfQu\u00e9 es Home Solution? - Home Solution","og_description":"Home Solution es una plataforma que vincula las necesidades hogare\u00f1as de mantenimiento, reparaci\u00f3n y mejora del hogar con profesionales recomendados por la comunidad. Home Solution naci\u00f3 en respuesta a las preguntas que todos nos hacemos cuando algo se descompone en nuestras casas: \u00bfD\u00f3nde encuentro un prestador para resolver mi problema o proyecto? \u00bfEs profesional? \u00bfEst\u00e1 [&hellip;]","og_url":"https:\/\/homesolution.net\/blog\/que-es-home-solution\/","og_site_name":"Home Solution","article_publisher":"https:\/\/www.facebook.com\/homesolutionnet\/","article_modified_time":"2020-12-21T16:25:22+00:00","twitter_card":"summary_large_image","twitter_misc":{"Tiempo de lectura":"1 minuto"},"schema":{"@context":"https:\/\/schema.org","@graph":[{"@type":"Organization","@id":"https:\/\/homesolution.net\/blog\/#organization","name":"Home Solution","url":"https:\/\/homesolution.net\/blog\/","sameAs":["https:\/\/www.facebook.com\/homesolutionnet\/","https:\/\/www.instagram.com\/homesolutionnet\/","https:\/\/www.linkedin.com\/company\/4794280"],"logo":{"@type":"ImageObject","@id":"https:\/\/homesolution.net\/blog\/#logo","inLanguage":"es","url":"https:\/\/homesolution.net\/blog\/wp-content\/uploads\/2018\/07\/marca-pasos.png","contentUrl":"https:\/\/homesolution.net\/blog\/wp-content\/uploads\/2018\/07\/marca-pasos.png","width":110,"height":109,"caption":"Home Solution"},"image":{"@id":"https:\/\/homesolution.net\/blog\/#logo"}},{"@type":"WebSite","@id":"https:\/\/homesolution.net\/blog\/#website","url":"https:\/\/homesolution.net\/blog\/","name":"Home Solution","description":"Servicios para el hogar y la construccion: Electricistas, Alba\u00f1ileria, Pintura, Arquitectura, Decoracion, Herreria, y todo lo que buscas.","publisher":{"@id":"https:\/\/homesolution.net\/blog\/#organization"},"potentialAction":[{"@type":"SearchAction","target":{"@type":"EntryPoint","urlTemplate":"https:\/\/homesolution.net\/blog\/?s={search_term_string}"},"query-input":"required name=search_term_string"}],"inLanguage":"es"},{"@type":"WebPage","@id":"https:\/\/homesolution.net\/blog\/que-es-home-solution\/#webpage","url":"https:\/\/homesolution.net\/blog\/que-es-home-solution\/","name":"\u00bfQu\u00e9 es Home Solution? - Home Solution","isPartOf":{"@id":"https:\/\/homesolution.net\/blog\/#website"},"datePublished":"2020-12-21T16:25:20+00:00","dateModified":"2020-12-21T16:25:22+00:00","breadcrumb":{"@id":"https:\/\/homesolution.net\/blog\/que-es-home-solution\/#breadcrumb"},"inLanguage":"es","potentialAction":[{"@type":"ReadAction","target":["https:\/\/homesolution.net\/blog\/que-es-home-solution\/"]}]},{"@type":"BreadcrumbList","@id":"https:\/\/homesolution.net\/blog\/que-es-home-solution\/#breadcrumb","itemListElement":[{"@type":"ListItem","position":1,"name":"Portada","item":"https:\/\/homesolution.net\/blog\/"},{"@type":"ListItem","position":2,"name":"\u00bfQu\u00e9 es Home Solution?"}]}]}},"_links":{"self":[{"href":"https:\/\/homesolution.net\/blog\/wp-json\/wp\/v2\/pages\/2995"}],"collection":[{"href":"https:\/\/homesolution.net\/blog\/wp-json\/wp\/v2\/pages"}],"about":[{"href":"https:\/\/homesolution.net\/blog\/wp-json\/wp\/v2\/types\/page"}],"author":[{"embeddable":true,"href":"https:\/\/homesolution.net\/blog\/wp-json\/wp\/v2\/users\/5"}],"replies":[{"embeddable":true,"href":"https:\/\/homesolution.net\/blog\/wp-json\/wp\/v2\/comments?post=2995"}],"version-history":[{"count":1,"href":"https:\/\/homesolution.net\/blog\/wp-json\/wp\/v2\/pages\/2995\/revisions"}],"predecessor-version":[{"id":2996,"href":"https:\/\/homesolution.net\/blog\/wp-json\/wp\/v2\/pages\/2995\/revisions\/2996"}],"wp:attachment":[{"href":"https:\/\/homesolution.net\/blog\/wp-json\/wp\/v2\/media?parent=2995"}],"curies":[{"name":"wp","href":"https:\/\/api.w.org\/{rel}","templated":true}]}}