{"id":3000,"date":"2020-12-21T17:36:36","date_gmt":"2020-12-21T17:36:36","guid":{"rendered":"https:\/\/homesolution.net\/blog\/?page_id=3000"},"modified":"2020-12-28T17:28:53","modified_gmt":"2020-12-28T17:28:53","slug":"como-funciona-home-solution-prestadores","status":"publish","type":"page","link":"https:\/\/homesolution.net\/blog\/informacion-para-prestadores\/como-funciona-home-solution-prestadores\/","title":{"rendered":"\u00bfC\u00f3mo funciona Home Solution para los prestadores?"},"content":{"rendered":"\n<p>Si eres <strong>prestador<\/strong>:<\/p>\n\n\n\n<ul><li>Completas tu perfil con fotos y detalles de tus servicios.<\/li><\/ul>\n\n\n\n<ul><li>Recibes consultas o eval\u00faas proyectos en cartelera.<\/li><\/ul>\n\n\n\n<ul><li>Aceptas aquellos proyectos que te interesen y rechazas los que no.<\/li><\/ul>\n\n\n\n<ul><li>Acuerdas precio y trabajo directamente con el cliente.<\/li><\/ul>\n\n\n\n<h2>Razones para registrarte<\/h2>\n\n\n\n<ul><li><strong>Promover tus servicios<\/strong> entre quienes los est\u00e1n necesitando.<\/li><\/ul>\n\n\n\n<ul><li><strong>Balancear la cantidad de trabajo<\/strong> y evitar la estacionalidad. <\/li><\/ul>\n\n\n\n<ul><li><strong>Crear y gestionar una cartera de clientes propios.<\/strong><\/li><\/ul>\n\n\n\n<ul><li><strong>Recibir un precio justo, <\/strong>basado en reputaci\u00f3n y experiencia.<\/li><\/ul>\n\n\n\n<ul><li><strong>Interactuar con otros colegas.<\/strong><\/li><\/ul>\n\n\n\n<ul><li><strong>Recibir capacitaciones. <\/strong><\/li><\/ul>\n\n\n\n<p>Puedes completar tus datos b\u00e1sicos para iniciar el proceso de registro.<\/p>\n\n\n\n<p>Se te enviar\u00e1n instrucciones a tu casilla de email para completar el proceso de registro de tu perfil profesional.<br>Si ya posees usuario en Home Solution, se te solicitar\u00e1 la contrase\u00f1a vinculada a la direcci\u00f3n de email para completar el registro.<\/p>\n\n\n\n<p><a href=\"https:\/\/homesolution.net\/ar\/prestadores\/registrar\/1\">INICIAR REGISTRO<\/a><\/p>\n\n\n\n<p><strong>Preguntas Frecuentes<\/strong><\/p>\n\n\n\n<p><strong>\u00bfC\u00f3mo funciona?<\/strong><\/p>\n\n\n\n<p>Te registras, completas el perfil, eliges un plan y accedes a consultas de potenciales clientes. Aceptas las que te interesan, env\u00edas una propuesta y te contratan de forma directa, sin comisiones ni intermediaci\u00f3n.<\/p>\n\n\n\n<p><strong>\u00bfC\u00f3mo me registro?<\/strong><\/p>\n\n\n\n<p>Ingresas a <a href=\"https:\/\/homesolution.net\">https:\/\/homesolution.net<\/a> y creas tu perfil. Completas los datos solicitados, los cuales luego ser\u00e1n revisados para su aprobaci\u00f3n.<\/p>\n\n\n\n<p><strong>\u00bfC\u00f3mo tengo que hacer para llegar a m\u00e1s clientes?<\/strong><\/p>\n\n\n\n<p>Suscribi\u00e9ndote a cualquiera de nuestros planes. Con ellos te garantizar\u00e1s una determinada cantidad de consultas \/ proyectos en los que participar. De c\u00f3mo respondas, de tu reputaci\u00f3n y perfil depender\u00e1 que conviertas las consultas, en clientes.<\/p>\n\n\n\n<p><strong>\u00bfQu\u00e9 son las Consultas?<\/strong><\/p>\n\n\n\n<p>Son los pedidos de presupuesto de los potenciales clientes. Se te avisar\u00e1 por email cuando tienes una nueva, o bien puedes acceder a la plataforma y revisar otras consultas disponibles.<\/p>\n\n\n\n<p><strong>\u00bfQu\u00e9 informaci\u00f3n contienen las Consultas?<\/strong><\/p>\n\n\n\n<p>Indican el tipo de servicio requerido, una descripci\u00f3n del problema, la zona del trabajo, los datos del cliente y si es un cliente <em>Verificado<\/em>, <em>Frecuente <\/em>o <em>Recomendado<\/em>. Una vez que aceptas la consulta, env\u00edas una propuesta y el cliente puede chatear contigo libremente.<\/p>\n\n\n\n<p><strong>\u00bfQu\u00e9 datos obtendr\u00e9 del cliente?<\/strong><\/p>\n\n\n\n<p>El nombre, zona de trabajo y el email. Tambi\u00e9n es frecuente que provean su n\u00famero de tel\u00e9fono, aunque no es un requisito del sistema. Por razones de respeto a la privacidad los datos completos est\u00e1n disponibles a partir de que el cliente lee tu respuesta.<\/p>\n\n\n\n<p><strong>\u00bfQu\u00e9 puedo esperar de la plataforma?<\/strong><\/p>\n\n\n\n<p><em>HomeSolution.net<\/em> es un espacio que une a la demanda con la oferta de servicios para el hogar. Todos los clientes que generan consultas tienen necesidades reales, pero convertirlas en contrataciones depende de tu perfil, tu reputaci\u00f3n, tus precios y de como respondas. Una vez que ganas experiencia, se torna a\u00fan m\u00e1s sencillo y puedes concretar en promedio 1 trabajo cada 5 propuestas que pasas.<\/p>\n\n\n\n<p><strong>\u00bfCon qui\u00e9n cierro las contrataciones y qui\u00e9n me paga?<\/strong><\/p>\n\n\n\n<p>Las cierras directamente con el cliente, que ser\u00e1 qui\u00e9n te pague el 100% del servicio. <em>HomeSolution.net no cobra ning\u00fan tipo de comisi\u00f3n<\/em>.<\/p>\n\n\n\n<p><strong>\u00bfY si hay consultas que no me interesan?<\/strong><\/p>\n\n\n\n<p>Simple. Las rechazas.<\/p>\n\n\n\n<p><strong>\u00bfCuantos colegas pueden competir por la misma consulta?<\/strong><\/p>\n\n\n\n<p>Hasta un m\u00e1ximo de 5 por consulta.<\/p>\n\n\n\n<p><strong>\u00bfPor cu\u00e1nto tiempo est\u00e1n disponibles las consultas?<\/strong><\/p>\n\n\n\n<p>Depende del tiempo que define el cliente. Puede ser de 24 hrs a 1 semana. Varia seg\u00fan si es una urgencia, o bien una trabajo importante que requiere m\u00e1s an\u00e1lisis.<\/p>\n\n\n\n<p><strong>\u00bfPor qu\u00e9 son importantes las calificaciones?<\/strong><\/p>\n\n\n\n<p>B\u00e1sicamente, porque son el principal par\u00e1metro que tienen los clientes para decidir si contratarte. A mejor reputaci\u00f3n, mayor cantidad de contrataciones. A los pocos d\u00edas el sistema le recordar\u00e1 al cliente que te califique, pero en caso que quieras hacerlo antes, puedes invitarlo a calificar desde <em>Panel de Control &gt; Mi Reputaci\u00f3n<\/em>.<\/p>\n\n\n\n<p><strong>\u00bfQu\u00e9 son los Planes?<\/strong><\/p>\n\n\n\n<p>Son paquetes de cr\u00e9ditos que te permiten acceder a un volumen constante de trabajos en los que participar.<\/p>\n\n\n\n<p><strong>\u00bfDe qu\u00e9 manera puedo pagar por un plan?<\/strong><\/p>\n\n\n\n<p>Tienes dos formas de pagar:<\/p>\n\n\n\n<ol><li>Con suscripci\u00f3n de renovaci\u00f3n autom\u00e1tica, cuando tus cr\u00e9ditos llegan a cero.<\/li><li>Con pago por \u00fanica vez.<\/li><\/ol>\n\n\n\n<p>Dentro de la opci\u00f3n de <em>pago por \u00fanica vez<\/em>, puedes:<\/p>\n\n\n\n<ol start=\"1\"><li>Pagar con tarjeta de cr\u00e9dito.<\/li><li>Pagar en efectivo.<\/li><\/ol>\n\n\n\n<p>Si eliges la segunda opci\u00f3n (<em>pago en efectivo<\/em>), s\u00f3lo tienes que imprimir el cup\u00f3n e ir a la sucursal de la entidad de cobro que hayas seleccionado. Si no puedes imprimirlo, tambi\u00e9n sirve que lo lleves en el celular.<\/p>\n\n\n\n<p><strong>\u00bfEs necesario poner una foto personal?<\/strong><\/p>\n\n\n\n<p>En un mundo cada vez m\u00e1s an\u00f3nimo, los clientes valoran tener la oportunidad de poner un rostro a ese profesional que podr\u00edan contratar. Una cara sonriente aumenta la confianza, y la confianza es clave para decidir una contrataci\u00f3n.<\/p>\n","protected":false},"excerpt":{"rendered":"<p>Si eres prestador: Completas tu perfil con fotos y detalles de tus servicios. Recibes consultas o eval\u00faas proyectos en cartelera. Aceptas aquellos proyectos que te interesen y rechazas los que no. Acuerdas precio y trabajo directamente con el cliente. Razones para registrarte Promover tus servicios entre quienes los est\u00e1n necesitando. Balancear la cantidad de trabajo [&hellip;]<\/p>\n","protected":false},"author":5,"featured_media":0,"parent":954,"menu_order":0,"comment_status":"closed","ping_status":"closed","template":"","meta":[],"yoast_head":"<!-- This site is optimized with the Yoast SEO plugin v17.3 - https:\/\/yoast.com\/wordpress\/plugins\/seo\/ -->\n<title>\u00bfC\u00f3mo funciona Home Solution para los prestadores? - Home Solution<\/title>\n<meta name=\"robots\" content=\"index, follow, max-snippet:-1, max-image-preview:large, max-video-preview:-1\" \/>\n<link rel=\"canonical\" href=\"https:\/\/homesolution.net\/blog\/informacion-para-prestadores\/como-funciona-home-solution-prestadores\/\" \/>\n<meta property=\"og:locale\" content=\"es_ES\" \/>\n<meta property=\"og:type\" content=\"article\" \/>\n<meta property=\"og:title\" content=\"\u00bfC\u00f3mo funciona Home Solution para los prestadores? - Home Solution\" \/>\n<meta property=\"og:description\" content=\"Si eres prestador: Completas tu perfil con fotos y detalles de tus servicios. Recibes consultas o eval\u00faas proyectos en cartelera. Aceptas aquellos proyectos que te interesen y rechazas los que no. Acuerdas precio y trabajo directamente con el cliente. Razones para registrarte Promover tus servicios entre quienes los est\u00e1n necesitando. Balancear la cantidad de trabajo [&hellip;]\" \/>\n<meta property=\"og:url\" content=\"https:\/\/homesolution.net\/blog\/informacion-para-prestadores\/como-funciona-home-solution-prestadores\/\" \/>\n<meta property=\"og:site_name\" content=\"Home Solution\" \/>\n<meta property=\"article:publisher\" content=\"https:\/\/www.facebook.com\/homesolutionnet\/\" \/>\n<meta property=\"article:modified_time\" content=\"2020-12-28T17:28:53+00:00\" \/>\n<meta name=\"twitter:card\" content=\"summary_large_image\" \/>\n<meta name=\"twitter:label1\" content=\"Tiempo de lectura\" \/>\n\t<meta name=\"twitter:data1\" content=\"4 minutos\" \/>\n<script type=\"application\/ld+json\" class=\"yoast-schema-graph\">{\"@context\":\"https:\/\/schema.org\",\"@graph\":[{\"@type\":\"Organization\",\"@id\":\"https:\/\/homesolution.net\/blog\/#organization\",\"name\":\"Home Solution\",\"url\":\"https:\/\/homesolution.net\/blog\/\",\"sameAs\":[\"https:\/\/www.facebook.com\/homesolutionnet\/\",\"https:\/\/www.instagram.com\/homesolutionnet\/\",\"https:\/\/www.linkedin.com\/company\/4794280\"],\"logo\":{\"@type\":\"ImageObject\",\"@id\":\"https:\/\/homesolution.net\/blog\/#logo\",\"inLanguage\":\"es\",\"url\":\"https:\/\/homesolution.net\/blog\/wp-content\/uploads\/2018\/07\/marca-pasos.png\",\"contentUrl\":\"https:\/\/homesolution.net\/blog\/wp-content\/uploads\/2018\/07\/marca-pasos.png\",\"width\":110,\"height\":109,\"caption\":\"Home Solution\"},\"image\":{\"@id\":\"https:\/\/homesolution.net\/blog\/#logo\"}},{\"@type\":\"WebSite\",\"@id\":\"https:\/\/homesolution.net\/blog\/#website\",\"url\":\"https:\/\/homesolution.net\/blog\/\",\"name\":\"Home Solution\",\"description\":\"Servicios para el hogar y la construccion: Electricistas, Alba\\u00f1ileria, Pintura, Arquitectura, Decoracion, Herreria, y todo lo que buscas.\",\"publisher\":{\"@id\":\"https:\/\/homesolution.net\/blog\/#organization\"},\"potentialAction\":[{\"@type\":\"SearchAction\",\"target\":{\"@type\":\"EntryPoint\",\"urlTemplate\":\"https:\/\/homesolution.net\/blog\/?s={search_term_string}\"},\"query-input\":\"required name=search_term_string\"}],\"inLanguage\":\"es\"},{\"@type\":\"WebPage\",\"@id\":\"https:\/\/homesolution.net\/blog\/informacion-para-prestadores\/como-funciona-home-solution-prestadores\/#webpage\",\"url\":\"https:\/\/homesolution.net\/blog\/informacion-para-prestadores\/como-funciona-home-solution-prestadores\/\",\"name\":\"\\u00bfC\\u00f3mo funciona Home Solution para los prestadores? - Home Solution\",\"isPartOf\":{\"@id\":\"https:\/\/homesolution.net\/blog\/#website\"},\"datePublished\":\"2020-12-21T17:36:36+00:00\",\"dateModified\":\"2020-12-28T17:28:53+00:00\",\"breadcrumb\":{\"@id\":\"https:\/\/homesolution.net\/blog\/informacion-para-prestadores\/como-funciona-home-solution-prestadores\/#breadcrumb\"},\"inLanguage\":\"es\",\"potentialAction\":[{\"@type\":\"ReadAction\",\"target\":[\"https:\/\/homesolution.net\/blog\/informacion-para-prestadores\/como-funciona-home-solution-prestadores\/\"]}]},{\"@type\":\"BreadcrumbList\",\"@id\":\"https:\/\/homesolution.net\/blog\/informacion-para-prestadores\/como-funciona-home-solution-prestadores\/#breadcrumb\",\"itemListElement\":[{\"@type\":\"ListItem\",\"position\":1,\"name\":\"Portada\",\"item\":\"https:\/\/homesolution.net\/blog\/\"},{\"@type\":\"ListItem\",\"position\":2,\"name\":\"Informaci\\u00f3n para prestadores\",\"item\":\"https:\/\/homesolution.net\/blog\/informacion-para-prestadores\/\"},{\"@type\":\"ListItem\",\"position\":3,\"name\":\"\\u00bfC\\u00f3mo funciona Home Solution para los prestadores?\"}]}]}<\/script>\n<!-- \/ Yoast SEO plugin. -->","yoast_head_json":{"title":"\u00bfC\u00f3mo funciona Home Solution para los prestadores? - Home Solution","robots":{"index":"index","follow":"follow","max-snippet":"max-snippet:-1","max-image-preview":"max-image-preview:large","max-video-preview":"max-video-preview:-1"},"canonical":"https:\/\/homesolution.net\/blog\/informacion-para-prestadores\/como-funciona-home-solution-prestadores\/","og_locale":"es_ES","og_type":"article","og_title":"\u00bfC\u00f3mo funciona Home Solution para los prestadores? - Home Solution","og_description":"Si eres prestador: Completas tu perfil con fotos y detalles de tus servicios. Recibes consultas o eval\u00faas proyectos en cartelera. Aceptas aquellos proyectos que te interesen y rechazas los que no. Acuerdas precio y trabajo directamente con el cliente. Razones para registrarte Promover tus servicios entre quienes los est\u00e1n necesitando. Balancear la cantidad de trabajo [&hellip;]","og_url":"https:\/\/homesolution.net\/blog\/informacion-para-prestadores\/como-funciona-home-solution-prestadores\/","og_site_name":"Home Solution","article_publisher":"https:\/\/www.facebook.com\/homesolutionnet\/","article_modified_time":"2020-12-28T17:28:53+00:00","twitter_card":"summary_large_image","twitter_misc":{"Tiempo de lectura":"4 minutos"},"schema":{"@context":"https:\/\/schema.org","@graph":[{"@type":"Organization","@id":"https:\/\/homesolution.net\/blog\/#organization","name":"Home Solution","url":"https:\/\/homesolution.net\/blog\/","sameAs":["https:\/\/www.facebook.com\/homesolutionnet\/","https:\/\/www.instagram.com\/homesolutionnet\/","https:\/\/www.linkedin.com\/company\/4794280"],"logo":{"@type":"ImageObject","@id":"https:\/\/homesolution.net\/blog\/#logo","inLanguage":"es","url":"https:\/\/homesolution.net\/blog\/wp-content\/uploads\/2018\/07\/marca-pasos.png","contentUrl":"https:\/\/homesolution.net\/blog\/wp-content\/uploads\/2018\/07\/marca-pasos.png","width":110,"height":109,"caption":"Home Solution"},"image":{"@id":"https:\/\/homesolution.net\/blog\/#logo"}},{"@type":"WebSite","@id":"https:\/\/homesolution.net\/blog\/#website","url":"https:\/\/homesolution.net\/blog\/","name":"Home Solution","description":"Servicios para el hogar y la construccion: Electricistas, Alba\u00f1ileria, Pintura, Arquitectura, Decoracion, Herreria, y todo lo que buscas.","publisher":{"@id":"https:\/\/homesolution.net\/blog\/#organization"},"potentialAction":[{"@type":"SearchAction","target":{"@type":"EntryPoint","urlTemplate":"https:\/\/homesolution.net\/blog\/?s={search_term_string}"},"query-input":"required name=search_term_string"}],"inLanguage":"es"},{"@type":"WebPage","@id":"https:\/\/homesolution.net\/blog\/informacion-para-prestadores\/como-funciona-home-solution-prestadores\/#webpage","url":"https:\/\/homesolution.net\/blog\/informacion-para-prestadores\/como-funciona-home-solution-prestadores\/","name":"\u00bfC\u00f3mo funciona Home Solution para los prestadores? - Home Solution","isPartOf":{"@id":"https:\/\/homesolution.net\/blog\/#website"},"datePublished":"2020-12-21T17:36:36+00:00","dateModified":"2020-12-28T17:28:53+00:00","breadcrumb":{"@id":"https:\/\/homesolution.net\/blog\/informacion-para-prestadores\/como-funciona-home-solution-prestadores\/#breadcrumb"},"inLanguage":"es","potentialAction":[{"@type":"ReadAction","target":["https:\/\/homesolution.net\/blog\/informacion-para-prestadores\/como-funciona-home-solution-prestadores\/"]}]},{"@type":"BreadcrumbList","@id":"https:\/\/homesolution.net\/blog\/informacion-para-prestadores\/como-funciona-home-solution-prestadores\/#breadcrumb","itemListElement":[{"@type":"ListItem","position":1,"name":"Portada","item":"https:\/\/homesolution.net\/blog\/"},{"@type":"ListItem","position":2,"name":"Informaci\u00f3n para prestadores","item":"https:\/\/homesolution.net\/blog\/informacion-para-prestadores\/"},{"@type":"ListItem","position":3,"name":"\u00bfC\u00f3mo funciona Home Solution para los prestadores?"}]}]}},"_links":{"self":[{"href":"https:\/\/homesolution.net\/blog\/wp-json\/wp\/v2\/pages\/3000"}],"collection":[{"href":"https:\/\/homesolution.net\/blog\/wp-json\/wp\/v2\/pages"}],"about":[{"href":"https:\/\/homesolution.net\/blog\/wp-json\/wp\/v2\/types\/page"}],"author":[{"embeddable":true,"href":"https:\/\/homesolution.net\/blog\/wp-json\/wp\/v2\/users\/5"}],"replies":[{"embeddable":true,"href":"https:\/\/homesolution.net\/blog\/wp-json\/wp\/v2\/comments?post=3000"}],"version-history":[{"count":5,"href":"https:\/\/homesolution.net\/blog\/wp-json\/wp\/v2\/pages\/3000\/revisions"}],"predecessor-version":[{"id":3012,"href":"https:\/\/homesolution.net\/blog\/wp-json\/wp\/v2\/pages\/3000\/revisions\/3012"}],"up":[{"embeddable":true,"href":"https:\/\/homesolution.net\/blog\/wp-json\/wp\/v2\/pages\/954"}],"wp:attachment":[{"href":"https:\/\/homesolution.net\/blog\/wp-json\/wp\/v2\/media?parent=3000"}],"curies":[{"name":"wp","href":"https:\/\/api.w.org\/{rel}","templated":true}]}}