{"id":954,"date":"2018-07-24T17:39:16","date_gmt":"2018-07-24T17:39:16","guid":{"rendered":"https:\/\/homesolution.net\/blog\/?page_id=954"},"modified":"2020-10-20T18:25:51","modified_gmt":"2020-10-20T18:25:51","slug":"informacion-para-prestadores","status":"publish","type":"page","link":"https:\/\/homesolution.net\/blog\/informacion-para-prestadores\/","title":{"rendered":"Informaci\u00f3n para prestadores"},"content":{"rendered":"\n<h2> \u00bfC\u00f3mo funciona Home Solution? <\/h2>\n\n\n\n<ul><li>Completas el proceso de registro y perfeccionas tu perfil.<\/li><li>Navegas las consultas disponibles.<\/li><li>Aceptas las que te parezcan interesantes.<\/li><li>Env\u00edas una propuesta y comunicas con el usuario.<\/li><li>El usuario elegir\u00e1 con qui\u00e9n o qui\u00e9nes trabajar.<\/li><li>En caso de ser contratado \u00a1no olvides pedir que te califiquen!<\/li><\/ul>\n\n\n\n<div class=\"wp-block-columns has-3-columns\">\n<div class=\"wp-block-column\">\n<div class=\"wp-block-button aligncenter is-style-squared w-100\"><a class=\"w-100 wp-block-button__link has-background has-luminous-vivid-orange-background-color\" href=\"https:\/\/homesolution.net\/blog\/primeros-pasos\/\">Primeros pasos<\/a><\/div>\n<\/div>\n\n\n\n<div class=\"wp-block-column\">\n<div class=\"wp-block-button is-style-squared\"><a class=\"w-100 wp-block-button__link has-background has-luminous-vivid-orange-background-color\" href=\"https:\/\/homesolution.net\/blog\/uso-avanzado\/\">Para Avanzados<\/a><\/div>\n<\/div>\n\n\n\n<div class=\"wp-block-column\">\n<div class=\"wp-block-button aligncenter is-style-squared\"><a class=\"w-100 wp-block-button__link has-background has-luminous-vivid-orange-background-color\" href=\"https:\/\/homesolution.net\/blog\/reglamento-general-para-prestadores\/\">Reglamento General<br><\/a><\/div>\n<\/div>\n<\/div>\n\n\n<h2><a href=\"https:\/\/homesolution.net\/blog\/category\/tutoriales-para-profesionales\/\">Tutoriales<\/a><\/h2>\n<div class=\"pt-cv-wrapper\"><div class=\"pt-cv-view pt-cv-grid pt-cv-colsys\" id=\"pt-cv-view-09830096gh\"><div data-id=\"pt-cv-page-1\" class=\"pt-cv-page\" data-cvc=\"2\"><div class=\"col-md-6 col-sm-6 col-xs-12 pt-cv-content-item pt-cv-2-col\" ><div class='pt-cv-ifield'><a href=\"https:\/\/homesolution.net\/blog\/tranquilidad-certificada-por-quienes-mas-saben\/\" class=\"_self pt-cv-href-thumbnail pt-cv-thumb-left\" target=\"_self\" ><img width=\"150\" height=\"150\" src=\"https:\/\/homesolution.net\/blog\/wp-content\/uploads\/2017\/11\/fullsizeoutput_19dd-150x150.jpeg\" class=\"pt-cv-thumbnail pull-left\" alt=\"\" loading=\"lazy\" \/><\/a>\n<div class=\"pt-cv-colwrap\"><h4 class=\"pt-cv-title\"><a href=\"https:\/\/homesolution.net\/blog\/tranquilidad-certificada-por-quienes-mas-saben\/\" class=\"_self\" target=\"_self\" >\u00bfQu\u00e9 es el Test de Integridad Midot?<\/a><\/h4><div class=\"pt-cv-content\">Seguimos trabajando para vincularte con los mejores profesionales del mercado, y para certificarlo, hemos hecho un acuerdo con la Calificadora ...<br \/><a href=\"https:\/\/homesolution.net\/blog\/tranquilidad-certificada-por-quienes-mas-saben\/\" class=\"_self pt-cv-readmore btn btn-success\" target=\"_self\">Leer M\u00e1s<\/a><\/div><\/div><\/div><\/div>\n<div class=\"col-md-6 col-sm-6 col-xs-12 pt-cv-content-item pt-cv-2-col\" ><div class='pt-cv-ifield'><a href=\"https:\/\/homesolution.net\/blog\/consultas-que-tener-en-cuenta\/\" class=\"_self pt-cv-href-thumbnail pt-cv-thumb-left\" target=\"_self\" ><\/a>\n<div class=\"pt-cv-colwrap\"><h4 class=\"pt-cv-title\"><a href=\"https:\/\/homesolution.net\/blog\/consultas-que-tener-en-cuenta\/\" class=\"_self\" target=\"_self\" >Consultas: \u00bfqu\u00e9 tener en cuenta?<\/a><\/h4><div class=\"pt-cv-content\">Es muy importante que antes de aceptar una consulta, tengas en cuenta 6 puntos fundamentales. Al abrir una consulta, se ...<br \/><a href=\"https:\/\/homesolution.net\/blog\/consultas-que-tener-en-cuenta\/\" class=\"_self pt-cv-readmore btn btn-success\" target=\"_self\">Leer M\u00e1s<\/a><\/div><\/div><\/div><\/div>\n<div class=\"col-md-6 col-sm-6 col-xs-12 pt-cv-content-item pt-cv-2-col\" ><div class='pt-cv-ifield'><a href=\"https:\/\/homesolution.net\/blog\/como-editar-tu-perfil-profesional\/\" class=\"_self pt-cv-href-thumbnail pt-cv-thumb-left\" target=\"_self\" ><\/a>\n<div class=\"pt-cv-colwrap\"><h4 class=\"pt-cv-title\"><a href=\"https:\/\/homesolution.net\/blog\/como-editar-tu-perfil-profesional\/\" class=\"_self\" target=\"_self\" >C\u00f3mo editar tu perfil profesional<\/a><\/h4><div class=\"pt-cv-content\">Tu perfil profesional es tu carta de presentaci\u00f3n online. debe ser completo, ordenado y a la vez, simple. Aqu\u00ed te ...<br \/><a href=\"https:\/\/homesolution.net\/blog\/como-editar-tu-perfil-profesional\/\" class=\"_self pt-cv-readmore btn btn-success\" target=\"_self\">Leer M\u00e1s<\/a><\/div><\/div><\/div><\/div>\n<div class=\"col-md-6 col-sm-6 col-xs-12 pt-cv-content-item pt-cv-2-col\" ><div class='pt-cv-ifield'><a href=\"https:\/\/homesolution.net\/blog\/como-puedo-mejorar-mi-reputacion\/\" class=\"_self pt-cv-href-thumbnail pt-cv-thumb-left\" target=\"_self\" ><\/a>\n<div class=\"pt-cv-colwrap\"><h4 class=\"pt-cv-title\"><a href=\"https:\/\/homesolution.net\/blog\/como-puedo-mejorar-mi-reputacion\/\" class=\"_self\" target=\"_self\" >\u00bfC\u00f3mo puedo mejorar mi reputaci\u00f3n?<\/a><\/h4><div class=\"pt-cv-content\">La plataforma va evolucionando y la reputaci\u00f3n m\u00ednima necesaria para poder destacarse va subiendo poco a poco. Para no quedarte ...<br \/><a href=\"https:\/\/homesolution.net\/blog\/como-puedo-mejorar-mi-reputacion\/\" class=\"_self pt-cv-readmore btn btn-success\" target=\"_self\">Leer M\u00e1s<\/a><\/div><\/div><\/div><\/div><\/div><\/div><\/div>\n<div class=\"text-center\"><a class=\"btn btn-lg btn-success\" href=\"https:\/\/homesolution.net\/blog\/category\/tutoriales-para-profesionales\/\">Ver mas tutoriales<\/a><\/div>\n<h2><a href=\"https:\/\/homesolution.net\/blog\/category\/preguntas-frecuentes\/\">Preguntas Frecuentes<\/a><\/h2>\n<div style=\"font-size: 80%;\"><div class=\"pt-cv-wrapper\"><div class=\"pt-cv-view pt-cv-grid pt-cv-colsys\" id=\"pt-cv-view-fdc127fv6p\"><div data-id=\"pt-cv-page-1\" class=\"pt-cv-page\" data-cvc=\"1\"><div class=\"col-md-12 col-sm-6 col-xs-12 pt-cv-content-item pt-cv-1-col\" ><div class='pt-cv-ifield'><h4 class=\"pt-cv-title\"><a href=\"https:\/\/homesolution.net\/blog\/que-son-las-consultas\/\" class=\"_self\" target=\"_self\" >\u00bfQu\u00e9 es una Consulta?<\/a><\/h4>\n<div class=\"pt-cv-content\">Una consulta es un pedido de presupuesto cargado por un usuario. En una consulta, el usuario detalla qu\u00e9 trabajo debe resolver.\u00a0 Se te avisar\u00e1 por email cuando tengas una nueva consulta disponible, o bien puedes acceder a la plataforma y revisar <i>otras consultas disponibles<\/i>. Puedes aceptarla y enviar una propuesta al cliente, lo que te descontar\u00e1 cr\u00e9ditos o bien puedes rechazarla indicando el motivo para que el sistema con el tiempo aprenda qu\u00e9 tipo de trabajos te interesan.<\/div><\/div><\/div>\n<div class=\"col-md-12 col-sm-6 col-xs-12 pt-cv-content-item pt-cv-1-col\" ><div class='pt-cv-ifield'><h4 class=\"pt-cv-title\"><a href=\"https:\/\/homesolution.net\/blog\/que-pasa-si-el-cliente-no-contesta\/\" class=\"_self\" target=\"_self\" >\u00bfQue pasa si el cliente no contesta?<\/a><\/h4>\n<div class=\"pt-cv-content\"><p>En caso que la propuesta enviada inicial haya sido le\u00edda o el cliente haya provisto un contacto telefonico, es decisi\u00f3n consciente del cliente contestar, o bien del prestador decidir llamar telef\u00f3nicamente. Por lo tanto no hay devoluci\u00f3n de cr\u00e9ditos.<\/p>\n<p>En caso de que el cliente no haya consignado tel\u00e9fono, ni haya le\u00eddo tu respuesta, se devuelven los cr\u00e9ditos en el transcurso de dos semanas de enviada la propuesta inicial.<\/p>\n<\/div><\/div><\/div>\n<div class=\"col-md-12 col-sm-6 col-xs-12 pt-cv-content-item pt-cv-1-col\" ><div class='pt-cv-ifield'><h4 class=\"pt-cv-title\"><a href=\"https:\/\/homesolution.net\/blog\/cuando-se-devuelven-creditos\/\" class=\"_self\" target=\"_self\" >\u00bfEn qu\u00e9 casos se devuelven cr\u00e9ditos?<\/a><\/h4>\n<div class=\"pt-cv-content\">\n<h4>Se devuelven cr\u00e9ditos solo en los siguientes casos:<\/h4>\n\n\n\n<ul><li>Cuando la consulta fue realizada por otro prestador equivocadamente buscando trabajo.<\/li><li>Cuando el mensaje es evidentemente enga\u00f1oso o falso.<\/li><\/ul>\n\n\n\n<p>En cualquiera de estos casos, por favor contacta con tu <em>Ejecutivo de Cuentas.\u00a0<\/em><\/p>\n\n\n\n <a href=\"https:\/\/homesolution.net\/blog\/cuando-se-devuelven-creditos\/#more-965\" class=\"more-link\"><span aria-label=\"Sigue leyendo \u00bfEn qu\u00e9 casos se devuelven cr\u00e9ditos?\">(m\u00e1s&hellip;)<\/span><\/a><\/div><\/div><\/div>\n<div class=\"col-md-12 col-sm-6 col-xs-12 pt-cv-content-item pt-cv-1-col\" ><div class='pt-cv-ifield'><h4 class=\"pt-cv-title\"><a href=\"https:\/\/homesolution.net\/blog\/como-puedo-conseguir-creditos\/\" class=\"_self\" target=\"_self\" >\u00bfC\u00f3mo puedo conseguir cr\u00e9ditos para usar en Home Solution?<\/a><\/h4>\n<div class=\"pt-cv-content\">\n<p>Como sabes, los cr\u00e9ditos son la moneda a trav\u00e9s de la cual se pueden hacer muchas cosas dentro de la plataforma. Para poder contar con ellos tienes varias opciones:<\/p>\n\n\n\n <a href=\"https:\/\/homesolution.net\/blog\/como-puedo-conseguir-creditos\/#more-1189\" class=\"more-link\"><span aria-label=\"Sigue leyendo \u00bfC\u00f3mo puedo conseguir cr\u00e9ditos para usar en Home Solution?\">(m\u00e1s&hellip;)<\/span><\/a><\/div><\/div><\/div>\n<div class=\"col-md-12 col-sm-6 col-xs-12 pt-cv-content-item pt-cv-1-col\" ><div class='pt-cv-ifield'><h4 class=\"pt-cv-title\"><a href=\"https:\/\/homesolution.net\/blog\/que-puedo-hacer-en-home-solution\/\" class=\"_self\" target=\"_self\" >\u00bfQue puedo hacer como prestador en Home Solution?<\/a><\/h4>\n<div class=\"pt-cv-content\">\n<p>Una vez que tu perfil est\u00e1 completo, tu cuenta activada y cuentes con un plan, puedes:<\/p>\n\n\n\n <a href=\"https:\/\/homesolution.net\/blog\/que-puedo-hacer-en-home-solution\/#more-1180\" class=\"more-link\"><span aria-label=\"Sigue leyendo \u00bfQue puedo hacer como prestador en Home Solution?\">(m\u00e1s&hellip;)<\/span><\/a><\/div><\/div><\/div><\/div><\/div><\/div><\/div>\n<p style=\"text-align: center;\"><a class=\"btn btn-lg btn-success\" href=\"https:\/\/homesolution.net\/blog\/category\/preguntas-frecuentes\/\">Ver m\u00e1s Preguntas Frecuentes<\/a><\/p>\n\n\n<hr class=\"wp-block-separator\"\/>\n\n\n\n<div class=\"wp-block-button alignright is-style-squared\"><a class=\"wp-block-button__link has-background has-luminous-vivid-orange-background-color\" href=\"https:\/\/homesolution.net\/about\/contacto\">Si tienes dudas contactanos<\/a><\/div>\n\n\n\n<p><\/p>\n","protected":false},"excerpt":{"rendered":"<p>\u00bfC\u00f3mo funciona Home Solution? Completas el proceso de registro y perfeccionas tu perfil. Navegas las consultas disponibles. Aceptas las que te parezcan interesantes. Env\u00edas una propuesta y comunicas con el usuario. El usuario elegir\u00e1 con qui\u00e9n o qui\u00e9nes trabajar. En caso de ser contratado \u00a1no olvides pedir que te califiquen! Primeros pasos Reglamento General Tutoriales [&hellip;]<\/p>\n","protected":false},"author":1,"featured_media":0,"parent":0,"menu_order":0,"comment_status":"closed","ping_status":"closed","template":"fullwidth.php","meta":[],"yoast_head":"<!-- This site is optimized with the Yoast SEO plugin v17.3 - https:\/\/yoast.com\/wordpress\/plugins\/seo\/ -->\n<title>Informaci\u00f3n para prestadores - Home Solution<\/title>\n<meta name=\"robots\" content=\"index, follow, max-snippet:-1, max-image-preview:large, max-video-preview:-1\" \/>\n<link rel=\"canonical\" href=\"https:\/\/homesolution.net\/blog\/informacion-para-prestadores\/\" \/>\n<meta property=\"og:locale\" content=\"es_ES\" \/>\n<meta property=\"og:type\" content=\"article\" \/>\n<meta property=\"og:title\" content=\"Informaci\u00f3n para prestadores - Home Solution\" \/>\n<meta property=\"og:description\" content=\"\u00bfC\u00f3mo funciona Home Solution? Completas el proceso de registro y perfeccionas tu perfil. Navegas las consultas disponibles. Aceptas las que te parezcan interesantes. Env\u00edas una propuesta y comunicas con el usuario. El usuario elegir\u00e1 con qui\u00e9n o qui\u00e9nes trabajar. En caso de ser contratado \u00a1no olvides pedir que te califiquen! Primeros pasos Reglamento General Tutoriales [&hellip;]\" \/>\n<meta property=\"og:url\" content=\"https:\/\/homesolution.net\/blog\/informacion-para-prestadores\/\" \/>\n<meta property=\"og:site_name\" content=\"Home Solution\" \/>\n<meta property=\"article:publisher\" content=\"https:\/\/www.facebook.com\/homesolutionnet\/\" \/>\n<meta property=\"article:modified_time\" content=\"2020-10-20T18:25:51+00:00\" \/>\n<meta name=\"twitter:card\" content=\"summary_large_image\" \/>\n<script type=\"application\/ld+json\" class=\"yoast-schema-graph\">{\"@context\":\"https:\/\/schema.org\",\"@graph\":[{\"@type\":\"Organization\",\"@id\":\"https:\/\/homesolution.net\/blog\/#organization\",\"name\":\"Home Solution\",\"url\":\"https:\/\/homesolution.net\/blog\/\",\"sameAs\":[\"https:\/\/www.facebook.com\/homesolutionnet\/\",\"https:\/\/www.instagram.com\/homesolutionnet\/\",\"https:\/\/www.linkedin.com\/company\/4794280\"],\"logo\":{\"@type\":\"ImageObject\",\"@id\":\"https:\/\/homesolution.net\/blog\/#logo\",\"inLanguage\":\"es\",\"url\":\"https:\/\/homesolution.net\/blog\/wp-content\/uploads\/2018\/07\/marca-pasos.png\",\"contentUrl\":\"https:\/\/homesolution.net\/blog\/wp-content\/uploads\/2018\/07\/marca-pasos.png\",\"width\":110,\"height\":109,\"caption\":\"Home Solution\"},\"image\":{\"@id\":\"https:\/\/homesolution.net\/blog\/#logo\"}},{\"@type\":\"WebSite\",\"@id\":\"https:\/\/homesolution.net\/blog\/#website\",\"url\":\"https:\/\/homesolution.net\/blog\/\",\"name\":\"Home Solution\",\"description\":\"Servicios para el hogar y la construccion: Electricistas, Alba\\u00f1ileria, Pintura, Arquitectura, Decoracion, Herreria, y todo lo que buscas.\",\"publisher\":{\"@id\":\"https:\/\/homesolution.net\/blog\/#organization\"},\"potentialAction\":[{\"@type\":\"SearchAction\",\"target\":{\"@type\":\"EntryPoint\",\"urlTemplate\":\"https:\/\/homesolution.net\/blog\/?s={search_term_string}\"},\"query-input\":\"required name=search_term_string\"}],\"inLanguage\":\"es\"},{\"@type\":\"WebPage\",\"@id\":\"https:\/\/homesolution.net\/blog\/informacion-para-prestadores\/#webpage\",\"url\":\"https:\/\/homesolution.net\/blog\/informacion-para-prestadores\/\",\"name\":\"Informaci\\u00f3n para prestadores - Home Solution\",\"isPartOf\":{\"@id\":\"https:\/\/homesolution.net\/blog\/#website\"},\"datePublished\":\"2018-07-24T17:39:16+00:00\",\"dateModified\":\"2020-10-20T18:25:51+00:00\",\"breadcrumb\":{\"@id\":\"https:\/\/homesolution.net\/blog\/informacion-para-prestadores\/#breadcrumb\"},\"inLanguage\":\"es\",\"potentialAction\":[{\"@type\":\"ReadAction\",\"target\":[\"https:\/\/homesolution.net\/blog\/informacion-para-prestadores\/\"]}]},{\"@type\":\"BreadcrumbList\",\"@id\":\"https:\/\/homesolution.net\/blog\/informacion-para-prestadores\/#breadcrumb\",\"itemListElement\":[{\"@type\":\"ListItem\",\"position\":1,\"name\":\"Portada\",\"item\":\"https:\/\/homesolution.net\/blog\/\"},{\"@type\":\"ListItem\",\"position\":2,\"name\":\"Informaci\\u00f3n para prestadores\"}]}]}<\/script>\n<!-- \/ Yoast SEO plugin. -->","yoast_head_json":{"title":"Informaci\u00f3n para prestadores - Home Solution","robots":{"index":"index","follow":"follow","max-snippet":"max-snippet:-1","max-image-preview":"max-image-preview:large","max-video-preview":"max-video-preview:-1"},"canonical":"https:\/\/homesolution.net\/blog\/informacion-para-prestadores\/","og_locale":"es_ES","og_type":"article","og_title":"Informaci\u00f3n para prestadores - Home Solution","og_description":"\u00bfC\u00f3mo funciona Home Solution? Completas el proceso de registro y perfeccionas tu perfil. Navegas las consultas disponibles. Aceptas las que te parezcan interesantes. Env\u00edas una propuesta y comunicas con el usuario. El usuario elegir\u00e1 con qui\u00e9n o qui\u00e9nes trabajar. En caso de ser contratado \u00a1no olvides pedir que te califiquen! Primeros pasos Reglamento General Tutoriales [&hellip;]","og_url":"https:\/\/homesolution.net\/blog\/informacion-para-prestadores\/","og_site_name":"Home Solution","article_publisher":"https:\/\/www.facebook.com\/homesolutionnet\/","article_modified_time":"2020-10-20T18:25:51+00:00","twitter_card":"summary_large_image","schema":{"@context":"https:\/\/schema.org","@graph":[{"@type":"Organization","@id":"https:\/\/homesolution.net\/blog\/#organization","name":"Home Solution","url":"https:\/\/homesolution.net\/blog\/","sameAs":["https:\/\/www.facebook.com\/homesolutionnet\/","https:\/\/www.instagram.com\/homesolutionnet\/","https:\/\/www.linkedin.com\/company\/4794280"],"logo":{"@type":"ImageObject","@id":"https:\/\/homesolution.net\/blog\/#logo","inLanguage":"es","url":"https:\/\/homesolution.net\/blog\/wp-content\/uploads\/2018\/07\/marca-pasos.png","contentUrl":"https:\/\/homesolution.net\/blog\/wp-content\/uploads\/2018\/07\/marca-pasos.png","width":110,"height":109,"caption":"Home Solution"},"image":{"@id":"https:\/\/homesolution.net\/blog\/#logo"}},{"@type":"WebSite","@id":"https:\/\/homesolution.net\/blog\/#website","url":"https:\/\/homesolution.net\/blog\/","name":"Home Solution","description":"Servicios para el hogar y la construccion: Electricistas, Alba\u00f1ileria, Pintura, Arquitectura, Decoracion, Herreria, y todo lo que buscas.","publisher":{"@id":"https:\/\/homesolution.net\/blog\/#organization"},"potentialAction":[{"@type":"SearchAction","target":{"@type":"EntryPoint","urlTemplate":"https:\/\/homesolution.net\/blog\/?s={search_term_string}"},"query-input":"required name=search_term_string"}],"inLanguage":"es"},{"@type":"WebPage","@id":"https:\/\/homesolution.net\/blog\/informacion-para-prestadores\/#webpage","url":"https:\/\/homesolution.net\/blog\/informacion-para-prestadores\/","name":"Informaci\u00f3n para prestadores - Home Solution","isPartOf":{"@id":"https:\/\/homesolution.net\/blog\/#website"},"datePublished":"2018-07-24T17:39:16+00:00","dateModified":"2020-10-20T18:25:51+00:00","breadcrumb":{"@id":"https:\/\/homesolution.net\/blog\/informacion-para-prestadores\/#breadcrumb"},"inLanguage":"es","potentialAction":[{"@type":"ReadAction","target":["https:\/\/homesolution.net\/blog\/informacion-para-prestadores\/"]}]},{"@type":"BreadcrumbList","@id":"https:\/\/homesolution.net\/blog\/informacion-para-prestadores\/#breadcrumb","itemListElement":[{"@type":"ListItem","position":1,"name":"Portada","item":"https:\/\/homesolution.net\/blog\/"},{"@type":"ListItem","position":2,"name":"Informaci\u00f3n para prestadores"}]}]}},"_links":{"self":[{"href":"https:\/\/homesolution.net\/blog\/wp-json\/wp\/v2\/pages\/954"}],"collection":[{"href":"https:\/\/homesolution.net\/blog\/wp-json\/wp\/v2\/pages"}],"about":[{"href":"https:\/\/homesolution.net\/blog\/wp-json\/wp\/v2\/types\/page"}],"author":[{"embeddable":true,"href":"https:\/\/homesolution.net\/blog\/wp-json\/wp\/v2\/users\/1"}],"replies":[{"embeddable":true,"href":"https:\/\/homesolution.net\/blog\/wp-json\/wp\/v2\/comments?post=954"}],"version-history":[{"count":28,"href":"https:\/\/homesolution.net\/blog\/wp-json\/wp\/v2\/pages\/954\/revisions"}],"predecessor-version":[{"id":2719,"href":"https:\/\/homesolution.net\/blog\/wp-json\/wp\/v2\/pages\/954\/revisions\/2719"}],"wp:attachment":[{"href":"https:\/\/homesolution.net\/blog\/wp-json\/wp\/v2\/media?parent=954"}],"curies":[{"name":"wp","href":"https:\/\/api.w.org\/{rel}","templated":true}]}}